{"id":902,"date":"2023-02-18T14:37:59","date_gmt":"2023-02-18T13:37:59","guid":{"rendered":"https:\/\/wp.gradonyaralas.hu\/?page_id=902"},"modified":"2025-11-10T09:39:48","modified_gmt":"2025-11-10T08:39:48","slug":"a-sabbiadoro-kemping-adria-nyaralas","status":"publish","type":"page","link":"https:\/\/gradonyaralas.hu\/de\/a-sabbiadoro-kemping-adria-nyaralas\/","title":{"rendered":"A kemping &#8211; Sabbiadoro"},"content":{"rendered":"<h2 style=\"font-size: 18px; font-weight: bold; text-align: center;\">Lignano Sabbiadoro &#8211; Az \u00e9szak-olasz Adria gy\u00f6ngyszeme<\/h2>\n<p><a class=\"ngg-simplelightbox\" title=\" Lignano Sabbiadoro - Az Olasz Adria Gy\u00f6ngyszeme k\u00e1pr\u00e1zatos l\u00e1tv\u00e1ny\" href=\"https:\/\/i0.wp.com\/gradonyaralas.hu\/wp-content\/gallery\/kemping-sabbiadoro-kemping\/899%C3%97200.jpg?ssl=1\" rel=\"\" data-image-id=\"425\" data-src=\"https:\/\/gradonyaralas.hu\/wp-content\/gallery\/kemping-sabbiadoro-kemping\/899%C3%97200.jpg\" data-thumbnail=\"https:\/\/gradonyaralas.hu\/wp-content\/gallery\/kemping-sabbiadoro-kemping\/thumbs\/thumbs_899%C3%97200.jpg\" data-title=\"Lignano Sabbiadoro tengerpart\" data-description=\" Lignano Sabbiadoro - Az Olasz Adria Gy\u00f6ngyszeme k\u00e1pr\u00e1zatos l\u00e1tv\u00e1ny\"><img data-recalc-dims=\"1\" decoding=\"async\" class=\"ngg-singlepic ngg-none\" src=\"https:\/\/i0.wp.com\/gradonyaralas.hu\/wp-content\/gallery\/kemping-sabbiadoro-kemping\/899%C3%97200.jpg?w=950&#038;ssl=1\" alt=\"Lignano Sabbiadoro tengerpart\"><\/a><\/p>\n<p style=\"text-align: center;\">A kemping Lignano Sabbiadoro v\u00e1rosr\u00e9szen helyezkedik el, hatalmas ter\u00fcleten. A kemping eg\u00e9sze rendezett, rengeteg z\u00f6ld fa, bokor ny\u00fajt kellemes \u00e1rny\u00e9kot.<\/p>\n<p style=\"text-align: center;\">A kemping k\u00e9t r\u00e9szb\u0151l \u00e1ll, melyeket egy \u00fat v\u00e1laszt el egym\u00e1st\u00f3l. A szolg\u00e1ltat\u00e1sok azonban mindk\u00e9t r\u00e9szen egyform\u00e1n haszn\u00e1lhat\u00f3k, el\u00e9rhet\u0151k minden vend\u00e9g r\u00e9sz\u00e9re.<\/p>\n<p><a class=\"ngg-simplelightbox\" title=\" \" href=\"https:\/\/i0.wp.com\/gradonyaralas.hu\/wp-content\/gallery\/kemping-sabbiadoro-kemping\/Kemping-4.jpg?ssl=1\" rel=\"\" data-image-id=\"427\" data-src=\"https:\/\/gradonyaralas.hu\/wp-content\/gallery\/kemping-sabbiadoro-kemping\/Kemping-4.jpg\" data-thumbnail=\"https:\/\/gradonyaralas.hu\/wp-content\/gallery\/kemping-sabbiadoro-kemping\/thumbs\/thumbs_Kemping-4.jpg\" data-title=\"Kemping-4\" data-description=\" \"><img data-recalc-dims=\"1\" decoding=\"async\" class=\"ngg-singlepic ngg-none\" src=\"https:\/\/i0.wp.com\/gradonyaralas.hu\/wp-content\/gallery\/kemping-sabbiadoro-kemping\/Kemping-4.jpg?w=950&#038;ssl=1\" alt=\"Kemping-4\"><\/a><\/p>\n<p style=\"text-align: center;\">A kemping ter\u00fclet\u00e9n hat medence, nagy cs\u00faszd\u00e1kkal tal\u00e1lhat\u00f3, t\u00f6bb j\u00e1tsz\u00f3t\u00e9r, feln\u0151tt \u00e9s gyermek anim\u00e1ci\u00f3, \u00e9tterem, b\u00e1r, szupermarket, fitneszterem, ker\u00e9kp\u00e1rk\u00f6lcs\u00f6nz\u00e9s, saj\u00e1t tengerpart, kihelyezett naperny\u0151k \u00e9s nap\u00e1gyak (b\u00e9relhet\u0151), tengerparti b\u00e1r tal\u00e1lhat\u00f3.<\/p>\n<p style=\"text-align: center;\">Lak\u00f3kocsiaink a kemping tengerparthoz k\u00f6zelebb es\u0151 r\u00e9sz\u00e9n vannak, csendes, nyugalmas helyen. K\u00f6zel\u00fckben vizesblokk, melyet folyamatosan tiszt\u00e1n tart a kemping szem\u00e9lyzete.<\/p>\n<p style=\"text-align: center;\">A saj\u00e1t tengerpartot kis s\u00e9t\u00e1val \u00e9rj\u00fck el (kb. 10-12 perc), ahol a sz\u00e9les homokos part, gy\u00f6ny\u00f6r\u0171 tiszta, lassan m\u00e9ly\u00fcl\u0151 v\u00edz mellett, v\u00edzi sportok sokas\u00e1ga is kipr\u00f3b\u00e1l\u00e1sra v\u00e1r.<\/p>\n<p style=\"text-align: center;\">A tengerparton modern b\u00e1r v\u00e1rja a vend\u00e9geket, finom falatokkal, friss\u00edt\u0151 italokkal, olasz k\u00e1v\u00e9val.<\/p>\n<p style=\"text-align: center;\">A kemping \u00e9tterm\u00e9ben reggeli, f\u00e9lpanzi\u00f3 \u00e9s teljes panzi\u00f3 befizet\u00e9s\u00e9re is van lehet\u0151s\u00e9g!<\/p>\n<p><a class=\"ngg-simplelightbox\" title=\" \" href=\"https:\/\/i0.wp.com\/gradonyaralas.hu\/wp-content\/gallery\/kemping-sabbiadoro-kemping\/Kemping-9.jpg?ssl=1\" rel=\"\" data-image-id=\"434\" data-src=\"https:\/\/gradonyaralas.hu\/wp-content\/gallery\/kemping-sabbiadoro-kemping\/Kemping-9.jpg\" data-thumbnail=\"https:\/\/gradonyaralas.hu\/wp-content\/gallery\/kemping-sabbiadoro-kemping\/thumbs\/thumbs_Kemping-9.jpg\" data-title=\"Kemping-9\" data-description=\" \"><img data-recalc-dims=\"1\" decoding=\"async\" class=\"ngg-singlepic ngg-none\" src=\"https:\/\/i0.wp.com\/gradonyaralas.hu\/wp-content\/gallery\/kemping-sabbiadoro-kemping\/Kemping-9.jpg?w=950&#038;ssl=1\" alt=\"Kemping-9\"><\/a><\/p>\n<p><!-- ngg_tag_gallery id=\"28\" --><\/p>\n<h2 style=\"font-size: 18px; font-weight: bold; text-align: center;\">Hasznos Tudnival\u00f3k ha nyaralni j\u00f6n hozz\u00e1nk<\/h2>\n<p style=\"text-align: center;\"><strong>P\u00e9nznem:<\/strong> Olaszorsz\u00e1g p\u00e9nzneme az Euro. Legc\u00e9lszer\u0171bb Magyarorsz\u00e1gon p\u00e9nzt v\u00e1ltani, de Olaszorsz\u00e1g ter\u00fclet\u00e9n mindenhol tud bankk\u00e1rty\u00e1val fizetni.&nbsp;<\/p>\n<p style=\"text-align: center;\"><strong>\u00dczletek:<\/strong> Az \u00fczletek \u00e1ltal\u00e1ban a h\u00e9t minden napj\u00e1n nyitva tartanak, 09.00 \u2013 12.30 \u00e9s 15.30 \u2013 19.00 \u00f3ra k\u00f6z\u00f6tt. Ny\u00e1ron a szezonban az esti nyitva tart\u00e1s meghosszabbodik.<\/p>\n<p style=\"text-align: center;\"><strong>Orvosi ell\u00e1t\u00e1s:<\/strong> A s\u00fcrg\u0151ss\u00e9gi ell\u00e1t\u00e1s a k\u00fclf\u00f6ldi \u00e1llampolg\u00e1rok sz\u00e1m\u00e1ra ingyenes, amennyiben eu-s tb k\u00e1rty\u00e1val rendelkezik. Aj\u00e1nlatos az ott tart\u00f3zkod\u00e1s id\u0151tartam\u00e1ra baleset-, betegs\u00e9g-, \u00e9s poggy\u00e1szbiztos\u00edt\u00e1st k\u00f6tni.<\/p>\n<h3 style=\"font-size: 16px; font-weight: bold; text-align: center;\">Egy\u00e9b Fontos Inform\u00e1ci\u00f3k Olaszorsz\u00e1gi utaz\u00e1s:<\/h3>\n<ul>\n<li style=\"text-align: center;\">Utasbiztos\u00edt\u00e1s k\u00f6t\u00e9se<\/li>\n<li style=\"text-align: center;\">Szlov\u00e9ni\u00e1ban aut\u00f3p\u00e1lya matrica v\u00e1s\u00e1rl\u00e1sa k\u00f6telez\u0151, b\u00e1rmely benzink\u00fatn\u00e1l beszerezhet\u0151. 1 h\u00e9tre \u00e9rv\u00e9nyes: 15.00 euro<\/li>\n<li style=\"text-align: center;\">Olaszorsz\u00e1gban a fizet\u0151 kapun\u00e1l kb 3-6 euro fizetend\u0151<\/li>\n<li style=\"text-align: center;\">Szlov\u00e9ni\u00e1ban kedvez\u0151bben tudunk benzint v\u00e1s\u00e1rolni<\/li>\n<li style=\"text-align: center;\">Gondoskodni saj\u00e1t \u00e1gynem\u0171huzatr\u00f3l, leped\u0151r\u0151l, t\u00f6r\u00f6lk\u00f6z\u0151r\u0151l, konyharuh\u00e1r\u00f3l, pap\u00edrszalv\u00e9t\u00e1r\u00f3l,<br \/>\nWC pap\u00edrr\u00f3l, mosogat\u00f3szerr\u0151l<\/li>\n<\/ul>\n<p>&nbsp;<\/p>\n<h2><strong>Linkek<\/strong><\/h2>\n<p>A kemping honlapja:&nbsp; &nbsp; &nbsp; &nbsp;<a href=\"http:\/\/www.campingsabbiadoro.it\/hu\/\">http:\/\/www.campingsabbiadoroit\/inglese\/<\/a><\/p>\n<p>\u00dczemanyag \u00e1rak:&nbsp; &nbsp; &nbsp; &nbsp; &nbsp; &nbsp;<a href=\"http:\/\/www.autoklub.hu\/content\/%C3%BCzemanyag%C3%A1rak-eur%C3%B3p%C3%A1ban\">http:\/\/www.autoklub.hu\/content\/<\/a><\/p>\n<p>Magyar \u2013 olasz sz\u00f3t\u00e1r:&nbsp; &nbsp;&nbsp;<a href=\"http:\/\/www.etranslator.ro\/hu\/magyar-olasz-online-fordito.php\">http:\/\/www.etranslator.hu\/magyar-olasz<\/a><\/p>\n<p>T\u00e9rk\u00e9p:&nbsp; &nbsp; &nbsp; &nbsp; &nbsp; &nbsp; &nbsp; &nbsp; &nbsp; &nbsp; &nbsp; &nbsp; &nbsp; &nbsp;<a href=\"https:\/\/www.google.hu\/maps\/place\/33054+Lignano+Sabbiadoro\">https:\/\/www.google.hu\/maps\/place\/33054+Lignano+Sabbiadoro<\/a><\/p>\n<p>A helyi r\u00e9gi\u00f3:&nbsp; &nbsp; &nbsp; &nbsp; &nbsp; &nbsp; &nbsp; &nbsp; &nbsp; &nbsp;h<a href=\"https:\/\/hu.wikipedia.org\/wiki\/Lignano_Sabbiadoro\">ttps:\/\/hu.wikipedia.org\/wiki\/Lignano Sabbiadoro<\/a><\/p>\n<p>Id\u0151j\u00e1r\u00e1s:&nbsp; &nbsp; &nbsp; &nbsp; &nbsp; &nbsp; &nbsp; &nbsp; &nbsp; &nbsp; &nbsp; &nbsp; &nbsp;<a href=\"https:\/\/www.meteoblue.com\/hu\/id%C5%91j%C3%A1r%C3%A1s\/h%C3%A9t\/lignano-sabbiadoro_olaszorsz%c3%a1g_3174729\">https:\/\/www.meteoblue.com\/hu<\/a><\/p>\n<p>Ha magyar \u00fcgyv\u00e9d kell: &nbsp;<a href=\"http:\/\/www.drkmolnar.hu\/\">http:\/\/www.drkmolnar.hu<\/a><\/p>\n","protected":false},"excerpt":{"rendered":"<p>Lignano Sabbiadoro &#8211; Az \u00e9szak-olasz Adria gy\u00f6ngyszeme A kemping Lignano Sabbiadoro v\u00e1rosr\u00e9szen helyezkedik el, hatalmas ter\u00fcleten. A kemping eg\u00e9sze rendezett, rengeteg z\u00f6ld fa, bokor ny\u00fajt kellemes \u00e1rny\u00e9kot. A kemping k\u00e9t r\u00e9szb\u0151l \u00e1ll, melyeket egy \u00fat v\u00e1laszt el egym\u00e1st\u00f3l. A szolg\u00e1ltat\u00e1sok azonban mindk\u00e9t r\u00e9szen egyform\u00e1n haszn\u00e1lhat\u00f3k, el\u00e9rhet\u0151k minden vend\u00e9g r\u00e9sz\u00e9re. A kemping ter\u00fclet\u00e9n hat medence, nagy &hellip; <\/p>\n<p class=\"link-more\"><a href=\"https:\/\/gradonyaralas.hu\/de\/a-sabbiadoro-kemping-adria-nyaralas\/\" class=\"more-link\">Read more<span class=\"screen-reader-text\"> &#8220;A kemping &#8211; Sabbiadoro&#8221;<\/span><\/a><\/p>\n","protected":false},"author":2,"featured_media":53,"parent":0,"menu_order":0,"comment_status":"closed","ping_status":"closed","template":"","meta":{"ngg_post_thumbnail":0,"footnotes":""},"class_list":["post-902","page","type-page","status-publish","has-post-thumbnail","hentry"],"translation":{"provider":"WPGlobus","version":"3.0.2","language":"de","enabled_languages":["hu","de"],"languages":{"hu":{"title":true,"content":true,"excerpt":false},"de":{"title":false,"content":false,"excerpt":false}}},"yoast_head":"<!-- This site is optimized with the Yoast SEO plugin v27.3 - https:\/\/yoast.com\/product\/yoast-seo-wordpress\/ -->\n<title>A kemping - Sabbiadoro - Grado nyaral\u00e1s Olasz tengerpart Adria Gy\u00f6ngyszeme<\/title>\n<meta name=\"robots\" content=\"index, follow, max-snippet:-1, max-image-preview:large, max-video-preview:-1\" \/>\n<link rel=\"canonical\" href=\"https:\/\/gradonyaralas.hu\/a-sabbiadoro-kemping-adria-nyaralas\/\" \/>\n<meta property=\"og:locale\" content=\"de_DE\" \/>\n<meta property=\"og:type\" content=\"article\" \/>\n<meta property=\"og:title\" content=\"A kemping - Sabbiadoro - Grado nyaral\u00e1s\" \/>\n<meta property=\"og:url\" content=\"https:\/\/gradonyaralas.hu\/a-sabbiadoro-kemping-adria-nyaralas\/\" \/>\n<meta property=\"og:site_name\" content=\"Grado nyaral\u00e1s\" \/>\n<meta property=\"article:publisher\" content=\"https:\/\/www.facebook.com\/Gradonyaralas\" \/>\n<meta property=\"article:modified_time\" content=\"2025-11-10T08:39:48+00:00\" \/>\n<meta property=\"og:image\" content=\"https:\/\/gradonyaralas.hu\/wp-content\/uploads\/2023\/01\/P2800287_color_piper-1440x750-1.jpg\" \/>\n\t<meta property=\"og:image:width\" content=\"1440\" \/>\n\t<meta property=\"og:image:height\" content=\"750\" \/>\n\t<meta property=\"og:image:type\" content=\"image\/jpeg\" \/>\n<meta name=\"twitter:card\" content=\"summary_large_image\" \/>\n<meta name=\"twitter:label1\" content=\"Est. reading time\" \/>\n\t<meta name=\"twitter:data1\" content=\"3 minutes\" \/>\n<script type=\"application\/ld+json\" class=\"yoast-schema-graph\">{\"@context\":\"https:\\\/\\\/schema.org\",\"@graph\":[{\"@type\":\"WebPage\",\"@id\":\"https:\\\/\\\/gradonyaralas.hu\\\/a-sabbiadoro-kemping-adria-nyaralas\\\/\",\"url\":\"https:\\\/\\\/gradonyaralas.hu\\\/a-sabbiadoro-kemping-adria-nyaralas\\\/\",\"name\":\"A kemping - Sabbiadoro - Grado nyaral\u00e1s Olasz tengerpart Adria Gy\u00f6ngyszeme\",\"isPartOf\":{\"@id\":\"https:\\\/\\\/gradonyaralas.hu\\\/#website\"},\"primaryImageOfPage\":{\"@id\":\"https:\\\/\\\/gradonyaralas.hu\\\/a-sabbiadoro-kemping-adria-nyaralas\\\/#primaryimage\"},\"image\":{\"@id\":\"https:\\\/\\\/gradonyaralas.hu\\\/a-sabbiadoro-kemping-adria-nyaralas\\\/#primaryimage\"},\"thumbnailUrl\":\"https:\\\/\\\/gradonyaralas.hu\\\/wp-content\\\/uploads\\\/2023\\\/01\\\/P2800287_color_piper-1440x750-1.jpg\",\"datePublished\":\"2023-02-18T13:37:59+00:00\",\"dateModified\":\"2025-11-10T08:39:48+00:00\",\"description\":\"Sz\u00e1llj meg Lignano Sabbiadoro kempingj\u00e9ben, ahol a tengerpart \u00e9s a k\u00e9nyelem \u00f6sszefon\u00f3dik. Fedezd fel a nyaral\u00e1s \u00faj dimenzi\u00f3j\u00e1t!\",\"breadcrumb\":{\"@id\":\"https:\\\/\\\/gradonyaralas.hu\\\/a-sabbiadoro-kemping-adria-nyaralas\\\/#breadcrumb\"},\"inLanguage\":\"de-DE\",\"potentialAction\":[{\"@type\":\"ReadAction\",\"target\":[\"https:\\\/\\\/gradonyaralas.hu\\\/a-sabbiadoro-kemping-adria-nyaralas\\\/\"]}]},{\"@type\":\"ImageObject\",\"inLanguage\":\"de-DE\",\"@id\":\"https:\\\/\\\/gradonyaralas.hu\\\/a-sabbiadoro-kemping-adria-nyaralas\\\/#primaryimage\",\"url\":\"https:\\\/\\\/gradonyaralas.hu\\\/wp-content\\\/uploads\\\/2023\\\/01\\\/P2800287_color_piper-1440x750-1.jpg\",\"contentUrl\":\"https:\\\/\\\/gradonyaralas.hu\\\/wp-content\\\/uploads\\\/2023\\\/01\\\/P2800287_color_piper-1440x750-1.jpg\",\"width\":1440,\"height\":750},{\"@type\":\"BreadcrumbList\",\"@id\":\"https:\\\/\\\/gradonyaralas.hu\\\/a-sabbiadoro-kemping-adria-nyaralas\\\/#breadcrumb\",\"itemListElement\":[{\"@type\":\"ListItem\",\"position\":1,\"name\":\"Kezd\u0151lap\",\"item\":\"https:\\\/\\\/gradonyaralas.hu\\\/\"},{\"@type\":\"ListItem\",\"position\":2,\"name\":\"A kemping &#8211; Sabbiadoro\"}]},{\"@type\":\"WebSite\",\"@id\":\"https:\\\/\\\/gradonyaralas.hu\\\/#website\",\"url\":\"https:\\\/\\\/gradonyaralas.hu\\\/\",\"name\":\"Grado nyaral\u00e1s Olaszorsz\u00e1g Kemping\",\"description\":\"Nyaral\u00e1s, napf\u00e9ny, tenger\",\"publisher\":{\"@id\":\"https:\\\/\\\/gradonyaralas.hu\\\/#organization\"},\"potentialAction\":[{\"@type\":\"SearchAction\",\"target\":{\"@type\":\"EntryPoint\",\"urlTemplate\":\"https:\\\/\\\/gradonyaralas.hu\\\/?s={search_term_string}\"},\"query-input\":{\"@type\":\"PropertyValueSpecification\",\"valueRequired\":true,\"valueName\":\"search_term_string\"}}],\"inLanguage\":\"de-DE\"},{\"@type\":\"Organization\",\"@id\":\"https:\\\/\\\/gradonyaralas.hu\\\/#organization\",\"name\":\"Grado nyaral\u00e1s\",\"url\":\"https:\\\/\\\/gradonyaralas.hu\\\/\",\"logo\":{\"@type\":\"ImageObject\",\"inLanguage\":\"de-DE\",\"@id\":\"https:\\\/\\\/gradonyaralas.hu\\\/#\\\/schema\\\/logo\\\/image\\\/\",\"url\":\"https:\\\/\\\/i0.wp.com\\\/gradonyaralas.hu\\\/wp-content\\\/uploads\\\/2024\\\/03\\\/Grado_Lignano_nyaralas-1.jpg?fit=1024%2C1024&ssl=1\",\"contentUrl\":\"https:\\\/\\\/i0.wp.com\\\/gradonyaralas.hu\\\/wp-content\\\/uploads\\\/2024\\\/03\\\/Grado_Lignano_nyaralas-1.jpg?fit=1024%2C1024&ssl=1\",\"width\":1024,\"height\":1024,\"caption\":\"Grado nyaral\u00e1s\"},\"image\":{\"@id\":\"https:\\\/\\\/gradonyaralas.hu\\\/#\\\/schema\\\/logo\\\/image\\\/\"},\"sameAs\":[\"https:\\\/\\\/www.facebook.com\\\/Gradonyaralas\"]}]}<\/script>\n<!-- \/ Yoast SEO plugin. -->","yoast_head_json":{"title":"A kemping - Sabbiadoro - Grado nyaral\u00e1s Olasz tengerpart Adria Gy\u00f6ngyszeme","robots":{"index":"index","follow":"follow","max-snippet":"max-snippet:-1","max-image-preview":"max-image-preview:large","max-video-preview":"max-video-preview:-1"},"canonical":"https:\/\/gradonyaralas.hu\/a-sabbiadoro-kemping-adria-nyaralas\/","og_locale":"de_DE","og_type":"article","og_title":"A kemping - Sabbiadoro - Grado nyaral\u00e1s","og_url":"https:\/\/gradonyaralas.hu\/a-sabbiadoro-kemping-adria-nyaralas\/","og_site_name":"Grado nyaral\u00e1s","article_publisher":"https:\/\/www.facebook.com\/Gradonyaralas","article_modified_time":"2025-11-10T08:39:48+00:00","og_image":[{"width":1440,"height":750,"url":"https:\/\/gradonyaralas.hu\/wp-content\/uploads\/2023\/01\/P2800287_color_piper-1440x750-1.jpg","type":"image\/jpeg"}],"twitter_card":"summary_large_image","twitter_misc":{"Est. reading time":"3 minutes"},"schema":{"@context":"https:\/\/schema.org","@graph":[{"@type":"WebPage","@id":"https:\/\/gradonyaralas.hu\/a-sabbiadoro-kemping-adria-nyaralas\/","url":"https:\/\/gradonyaralas.hu\/a-sabbiadoro-kemping-adria-nyaralas\/","name":"A kemping - Sabbiadoro - Grado nyaral\u00e1s Olasz tengerpart Adria Gy\u00f6ngyszeme","isPartOf":{"@id":"https:\/\/gradonyaralas.hu\/#website"},"primaryImageOfPage":{"@id":"https:\/\/gradonyaralas.hu\/a-sabbiadoro-kemping-adria-nyaralas\/#primaryimage"},"image":{"@id":"https:\/\/gradonyaralas.hu\/a-sabbiadoro-kemping-adria-nyaralas\/#primaryimage"},"thumbnailUrl":"https:\/\/gradonyaralas.hu\/wp-content\/uploads\/2023\/01\/P2800287_color_piper-1440x750-1.jpg","datePublished":"2023-02-18T13:37:59+00:00","dateModified":"2025-11-10T08:39:48+00:00","description":"Sz\u00e1llj meg Lignano Sabbiadoro kempingj\u00e9ben, ahol a tengerpart \u00e9s a k\u00e9nyelem \u00f6sszefon\u00f3dik. Fedezd fel a nyaral\u00e1s \u00faj dimenzi\u00f3j\u00e1t!","breadcrumb":{"@id":"https:\/\/gradonyaralas.hu\/a-sabbiadoro-kemping-adria-nyaralas\/#breadcrumb"},"inLanguage":"de-DE","potentialAction":[{"@type":"ReadAction","target":["https:\/\/gradonyaralas.hu\/a-sabbiadoro-kemping-adria-nyaralas\/"]}]},{"@type":"ImageObject","inLanguage":"de-DE","@id":"https:\/\/gradonyaralas.hu\/a-sabbiadoro-kemping-adria-nyaralas\/#primaryimage","url":"https:\/\/gradonyaralas.hu\/wp-content\/uploads\/2023\/01\/P2800287_color_piper-1440x750-1.jpg","contentUrl":"https:\/\/gradonyaralas.hu\/wp-content\/uploads\/2023\/01\/P2800287_color_piper-1440x750-1.jpg","width":1440,"height":750},{"@type":"BreadcrumbList","@id":"https:\/\/gradonyaralas.hu\/a-sabbiadoro-kemping-adria-nyaralas\/#breadcrumb","itemListElement":[{"@type":"ListItem","position":1,"name":"Kezd\u0151lap","item":"https:\/\/gradonyaralas.hu\/"},{"@type":"ListItem","position":2,"name":"A kemping &#8211; Sabbiadoro"}]},{"@type":"WebSite","@id":"https:\/\/gradonyaralas.hu\/#website","url":"https:\/\/gradonyaralas.hu\/","name":"Grado nyaral\u00e1s Olaszorsz\u00e1g Kemping","description":"Nyaral\u00e1s, napf\u00e9ny, tenger","publisher":{"@id":"https:\/\/gradonyaralas.hu\/#organization"},"potentialAction":[{"@type":"SearchAction","target":{"@type":"EntryPoint","urlTemplate":"https:\/\/gradonyaralas.hu\/?s={search_term_string}"},"query-input":{"@type":"PropertyValueSpecification","valueRequired":true,"valueName":"search_term_string"}}],"inLanguage":"de-DE"},{"@type":"Organization","@id":"https:\/\/gradonyaralas.hu\/#organization","name":"Grado nyaral\u00e1s","url":"https:\/\/gradonyaralas.hu\/","logo":{"@type":"ImageObject","inLanguage":"de-DE","@id":"https:\/\/gradonyaralas.hu\/#\/schema\/logo\/image\/","url":"https:\/\/i0.wp.com\/gradonyaralas.hu\/wp-content\/uploads\/2024\/03\/Grado_Lignano_nyaralas-1.jpg?fit=1024%2C1024&ssl=1","contentUrl":"https:\/\/i0.wp.com\/gradonyaralas.hu\/wp-content\/uploads\/2024\/03\/Grado_Lignano_nyaralas-1.jpg?fit=1024%2C1024&ssl=1","width":1024,"height":1024,"caption":"Grado nyaral\u00e1s"},"image":{"@id":"https:\/\/gradonyaralas.hu\/#\/schema\/logo\/image\/"},"sameAs":["https:\/\/www.facebook.com\/Gradonyaralas"]}]}},"jetpack_sharing_enabled":true,"featured_media_urls":{"thumbnail":["https:\/\/gradonyaralas.hu\/wp-content\/uploads\/2023\/01\/P2800287_color_piper-1440x750-1-150x150.jpg",150,150,true],"medium":["https:\/\/gradonyaralas.hu\/wp-content\/uploads\/2023\/01\/P2800287_color_piper-1440x750-1-300x156.jpg",300,156,true],"medium_large":["https:\/\/gradonyaralas.hu\/wp-content\/uploads\/2023\/01\/P2800287_color_piper-1440x750-1-768x400.jpg",768,400,true],"large":["https:\/\/gradonyaralas.hu\/wp-content\/uploads\/2023\/01\/P2800287_color_piper-1440x750-1-1024x533.jpg",950,494,true],"1536x1536":["https:\/\/gradonyaralas.hu\/wp-content\/uploads\/2023\/01\/P2800287_color_piper-1440x750-1.jpg",1440,750,false],"2048x2048":["https:\/\/gradonyaralas.hu\/wp-content\/uploads\/2023\/01\/P2800287_color_piper-1440x750-1.jpg",1440,750,false],"inspiro-featured-image":["https:\/\/gradonyaralas.hu\/wp-content\/uploads\/2023\/01\/P2800287_color_piper-1440x750-1.jpg",1440,750,false],"inspiro-loop":["https:\/\/gradonyaralas.hu\/wp-content\/uploads\/2023\/01\/P2800287_color_piper-1440x750-1-950x320.jpg",950,320,true],"inspiro-loop@2x":["https:\/\/gradonyaralas.hu\/wp-content\/uploads\/2023\/01\/P2800287_color_piper-1440x750-1-1440x640.jpg",1440,640,true],"portfolio_item-thumbnail":["https:\/\/gradonyaralas.hu\/wp-content\/uploads\/2023\/01\/P2800287_color_piper-1440x750-1-600x400.jpg",600,400,true],"portfolio_item-thumbnail@2x":["https:\/\/gradonyaralas.hu\/wp-content\/uploads\/2023\/01\/P2800287_color_piper-1440x750-1-1200x750.jpg",1200,750,true],"portfolio_item-masonry":["https:\/\/gradonyaralas.hu\/wp-content\/uploads\/2023\/01\/P2800287_color_piper-1440x750-1-600x313.jpg",600,313,true],"portfolio_item-masonry@2x":["https:\/\/gradonyaralas.hu\/wp-content\/uploads\/2023\/01\/P2800287_color_piper-1440x750-1-1200x625.jpg",1200,625,true],"portfolio_item-thumbnail_cinema":["https:\/\/gradonyaralas.hu\/wp-content\/uploads\/2023\/01\/P2800287_color_piper-1440x750-1-800x335.jpg",800,335,true],"portfolio_item-thumbnail_portrait":["https:\/\/gradonyaralas.hu\/wp-content\/uploads\/2023\/01\/P2800287_color_piper-1440x750-1-600x750.jpg",600,750,true],"portfolio_item-thumbnail_portrait@2x":["https:\/\/gradonyaralas.hu\/wp-content\/uploads\/2023\/01\/P2800287_color_piper-1440x750-1-1200x750.jpg",1200,750,true],"portfolio_item-thumbnail_square":["https:\/\/gradonyaralas.hu\/wp-content\/uploads\/2023\/01\/P2800287_color_piper-1440x750-1-800x750.jpg",800,750,true]},"_links":{"self":[{"href":"https:\/\/gradonyaralas.hu\/de\/wp-json\/wp\/v2\/pages\/902","targetHints":{"allow":["GET"]}}],"collection":[{"href":"https:\/\/gradonyaralas.hu\/de\/wp-json\/wp\/v2\/pages"}],"about":[{"href":"https:\/\/gradonyaralas.hu\/de\/wp-json\/wp\/v2\/types\/page"}],"author":[{"embeddable":true,"href":"https:\/\/gradonyaralas.hu\/de\/wp-json\/wp\/v2\/users\/2"}],"replies":[{"embeddable":true,"href":"https:\/\/gradonyaralas.hu\/de\/wp-json\/wp\/v2\/comments?post=902"}],"version-history":[{"count":9,"href":"https:\/\/gradonyaralas.hu\/de\/wp-json\/wp\/v2\/pages\/902\/revisions"}],"predecessor-version":[{"id":3171,"href":"https:\/\/gradonyaralas.hu\/de\/wp-json\/wp\/v2\/pages\/902\/revisions\/3171"}],"wp:featuredmedia":[{"embeddable":true,"href":"https:\/\/gradonyaralas.hu\/de\/wp-json\/wp\/v2\/media\/53"}],"wp:attachment":[{"href":"https:\/\/gradonyaralas.hu\/de\/wp-json\/wp\/v2\/media?parent=902"}],"curies":[{"name":"wp","href":"https:\/\/api.w.org\/{rel}","templated":true}]}}