{"id":211,"date":"2023-01-26T16:47:30","date_gmt":"2023-01-26T15:47:30","guid":{"rendered":"https:\/\/wp.gradonyaralas.hu\/?page_id=211"},"modified":"2025-08-28T17:14:04","modified_gmt":"2025-08-28T16:14:04","slug":"lignano-lakokocsik-olaszorszag-tengerpart","status":"publish","type":"page","link":"https:\/\/gradonyaralas.hu\/de\/lignano-lakokocsik-olaszorszag-tengerpart\/","title":{"rendered":"Lignano Lak\u00f3kocsik"},"content":{"rendered":"<h2 style=\"font-size: 18px; font-weight: bold;\">Lignano Kemping Lak\u00f3kocsik: K\u00e9nyelem \u00e9s Felszerelts\u00e9g<\/h2>\r\n<p>A Camping Lignano Beach Sabbiadoro lak\u00f3kocsijai t\u00f6k\u00e9letes v\u00e1laszt\u00e1st k\u00edn\u00e1lnak az idel\u00e1togat\u00f3knak. \u00d6sszesen 5 k\u00e9nyelmes lak\u00f3kocsi \u00e1ll rendelkez\u00e9sre, melyek teljes felszerelts\u00e9ggel rendelkeznek. A konyha \u00e9s az \u00e9tkez\u0151 egy k\u00f6rbez\u00e1rt el\u0151s\u00e1torban van. Ebben az el\u0151s\u00e1torban tal\u00e1lhat\u00f3 egy francia \u00e1gy is. A konyha minden ig\u00e9nyt kiel\u00e9g\u00edt\u0151en felszerelt, h\u0171t\u0151, a mikrohull\u00e1m\u00fa s\u00fct\u0151 kotyog\u00f3s k\u00e1v\u00e9f\u0151z\u0151 \u00e9s az elektromos f\u0151z\u0151lap. Az \u00e1gyak k\u00e9nyelmesek \u00e9s pihentet\u0151 alv\u00e1st biztos\u00edtanak, m\u00edg a fedett terasz ide\u00e1lis helysz\u00ednt teremt az \u00e9tkez\u00e9shez, a kikapcsol\u00f3d\u00e1shoz \u00e9s pihen\u00e9shez. Mind az \u00f6t lak\u00f3kocsi egy parcell\u00e1n tal\u00e1lhat\u00f3, ez\u00e9rt ha nagyobb csal\u00e1dok vagy csoportok szeretn\u00e9nek egym\u00e1s szomsz\u00e9ds\u00e1g\u00e1ban nyaralni, ez itt adott. A parcell\u00e1n van iv\u00f3v\u00edzv\u00e9teli lehet\u0151s\u00e9g. A vizesblokk egy percen bel\u00fcli t\u00e1vols\u00e1gra vannak. Takar\u00f3k \u00e9s p\u00e1rn\u00e1k vannak, huzatot \u00e9s leped\u0151t hozni kell. A kemping k\u00e9t r\u00e9szb\u0151l \u00e1ll, egy utca v\u00e1lasztja el egym\u00e1st\u00f3l a k\u00e9t r\u00e9szt. A mi lak\u00f3kocsijaink a kisebbik (a tengerhez k\u00f6zelebbi) r\u00e9szben van, szinte a legtetej\u00e9n. A cs\u00faszd\u00e1s medenc\u00e9k (6 db) kb. 7-8 perc s\u00e9t\u00e1ra vannak, a tengerpart kb. 10 percre. A kemping el\u0151tt r\u00f6gt\u00f6n van \u00e9tterem, reggeliz\u0151, ABC, trafik. A kempingben rengeteg gyerekprogram v\u00e1rja a kalandra v\u00e1gy\u00f3kat, anim\u00e1ci\u00f3s el\u0151ad\u00e1sok, pool partyk, karaoke show, j\u00f3ga, &#8230; Minden napra tartogatnak valami meglepet\u00e9st. A k\u00f6zelben vid\u00e1mpark, aqua park, skeater park, sportpark,&#8230; V\u00e1s\u00e1rl\u00e1s: PAM, Lidl, Interspar, Eurospin,&#8230;<\/p>\r\n<p>A kempingnek k\u00e9t bej\u00e1rata van, a mi\u00e9nknek itt a pontos Google maps c\u00edme:<\/p>\r\n<p>https:\/\/maps.app.goo.gl\/bitL36KrXZ4oeVZk6?g_st=com.google.maps.preview.copy<\/p>\r\n<p>A lak\u00f3kocsik elhelyezked\u00e9se, a kempingen bel\u00fcl (kemping bej\u00e1rata a piros ny\u00edl):<\/p>\r\n<p><img loading=\"lazy\" decoding=\"async\" class=\"aligncenter\" src=\"https:\/\/mail.google.com\/mail\/u\/1?ui=2&amp;ik=2b0fab56f7&amp;attid=0.1&amp;permmsgid=msg-f:1841264749913569396&amp;th=198d7c88dc0bf874&amp;view=fimg&amp;fur=ip&amp;permmsgid=msg-f:1841264749913569396&amp;sz=s0-l75-ft&amp;attbid=ANGjdJ8w20DQ6cnO-XZuwI_dE8_gFVCJhqgWpTvnsYU5tb6VYsHhsydUfcfJfLscCiXsAFx-k7mc7GdUmnaryPvNarsxk1UsGwt2OC_Oydr3t-OiYxsiNtJvqSyNTN0&amp;disp=emb&amp;realattid=ii_198d7c822a5454680991&amp;zw\" alt=\"kemping te\u0301rke\u0301p.jpg\" width=\"578\" height=\"267\"><\/p>\r\n\r\n<figure class=\"wp-block-table table-style-sr\">\r\n<table style=\"width: 92.8632%; height: 1897px;\">\r\n<tbody>\r\n<tr style=\"height: 463px;\">\r\n<td style=\"height: 463px;\">\r\n<p><strong>L1&nbsp;&nbsp;&nbsp;FENDT 530 (5 f\u0151 r\u00e9sz\u00e9re)<\/strong><br>Lak\u00f3kocsi m\u00e9rete:&nbsp;&nbsp;520 cm x 210 cm<br><br>\u00c1gym\u00e9retek: <br>1db 180 cm x 200 cm (nagyon nagy)<br>1db 120 cm x 200 cm<br><br>Francia \u00e1gy az el\u0151s\u00e1torban: 1db 140 cm x 180 cm<br><br><\/p>\r\n<p><strong>A konyha felszerelts\u00e9ge:<\/strong><\/p>\r\n<ul>\r\n<li>H\u0171t\u0151<\/li>\r\n<li>M\u00e9lyh\u0171t\u0151<\/li>\r\n<li>Mikrohull\u00e1m\u00fa s\u00fct\u0151<\/li>\r\n<li>Elektromos f\u0151z\u0151lap<\/li>\r\n<li>L\u00e1basok<\/li>\r\n<li>Ter\u00edt\u00e9kek<\/li>\r\n<li>Kotyog\u00f3s k\u00e1v\u00e9f\u0151z\u0151<\/li>\r\n<li>Mobil kl\u00edma<\/li>\r\n<\/ul>\r\nngg_shortcode_0_placeholder\r\n<\/td>\r\n<\/tr>\r\n<tr style=\"height: 441px;\">\r\n<td style=\"height: 441px;\">\r\n<p><strong>L2&nbsp;&nbsp;&nbsp;&nbsp;KNAUS AZUR 475 (5 f\u0151 r\u00e9sz\u00e9re)<\/strong><br>Lak\u00f3kocsi m\u00e9rete:&nbsp;470 cm \u00d7 210 cm<br><br>\u00c1gym\u00e9retek:&nbsp;<br>1 db 160 cm \u00d7 200 cm <br>1 db 120 cm \u00d7 200 cm<br><br>P\u00f3t\u00e1gy az el\u0151s\u00e1torban: <br>1db 90 cm \u00d7 190 cm<\/p>\r\n<p><strong>A konyha felszerelts\u00e9ge:<\/strong><\/p>\r\n<ul>\r\n<li>H\u0171t\u0151<\/li>\r\n<li>M\u00e9lyh\u0171t\u0151<\/li>\r\n<li>Mikrohull\u00e1m\u00fa s\u00fct\u0151<\/li>\r\n<li>Elektromos f\u0151z\u0151lap<\/li>\r\n<li>L\u00e1basok<\/li>\r\n<li>Ter\u00edt\u00e9kek<\/li>\r\n<li>Kotyog\u00f3s k\u00e1v\u00e9f\u0151z\u0151<\/li>\r\n<li>Mobil kl\u00edma<\/li>\r\n<\/ul>\r\nngg_shortcode_1_placeholder\r\n<\/td>\r\n<\/tr>\r\n<tr style=\"height: 92px;\">\r\n<td style=\"height: 92px;\">\r\n<p><strong>L3&nbsp;&nbsp;&nbsp; (5 f\u0151 r\u00e9sz\u00e9re)<\/strong><\/p>\r\n<p>\u00c1gym\u00e9retek: <br>1db 150 cm x 200 cm <br>1db 120 cm x 200 cm<br><br>P\u00f3t\u00e1gy az el\u0151s\u00e1torban: 2 db 80 cm x 190 cm<\/p>\r\n<p><strong>A konyha felszerelts\u00e9ge:<\/strong><\/p>\r\n<ul>\r\n<li>H\u0171t\u0151<\/li>\r\n<li>M\u00e9lyh\u0171t\u0151<\/li>\r\n<li>Mikrohull\u00e1m\u00fa s\u00fct\u0151<\/li>\r\n<li>Elektromos f\u0151z\u0151lap<\/li>\r\n<li>L\u00e1basok<\/li>\r\n<li>Ter\u00edt\u00e9kek<\/li>\r\n<li>Kotyog\u00f3s k\u00e1v\u00e9f\u0151z\u0151<\/li>\r\n<li>Mobil kl\u00edma<\/li>\r\n<\/ul>\r\nngg_shortcode_2_placeholder\r\n<\/td>\r\n<\/tr>\r\n<tr style=\"height: 92px;\">\r\n<td style=\"height: 92px;\">\r\n<p><strong>L4&nbsp; (5 f\u0151 r\u00e9sz\u00e9re)<\/strong><\/p>\r\n<p>\u00c1gym\u00e9retek: <br>1db 150 cm x 200 cm <br>1db 120 cm x 200 cm<br><br>P\u00f3t\u00e1gy az el\u0151s\u00e1torban: 2 db 80 cm x 190 cm<\/p>\r\n<p><strong>A konyha felszerelts\u00e9ge:<\/strong><\/p>\r\n<ul>\r\n<li>H\u0171t\u0151<\/li>\r\n<li>M\u00e9lyh\u0171t\u0151<\/li>\r\n<li>Mikrohull\u00e1m\u00fa s\u00fct\u0151<\/li>\r\n<li>Elektromos f\u0151z\u0151lap<\/li>\r\n<li>L\u00e1basok<\/li>\r\n<li>Ter\u00edt\u00e9kek<\/li>\r\n<li>Kotyog\u00f3s k\u00e1v\u00e9f\u0151z\u0151<\/li>\r\n<li>Mobil kl\u00edma<\/li>\r\n<\/ul>\r\nngg_shortcode_3_placeholder\r\n<\/td>\r\n<\/tr>\r\n<tr style=\"height: 92px;\">\r\n<td style=\"height: 92px;\">\r\n<p><strong>L5 (5 f\u0151 r\u00e9sz\u00e9re)<\/strong><\/p>\r\n<p>\u00c1gym\u00e9retek: <br>1db 160 cm x 200 cm <br>1db 120 cm x 200 cm<br><br>P\u00f3t\u00e1gy az el\u0151s\u00e1torban: 2 db 80 cm x 190 cm<\/p>\r\n<p><strong>A konyha felszerelts\u00e9ge:<\/strong><\/p>\r\n<ul>\r\n<li>H\u0171t\u0151<\/li>\r\n<li>M\u00e9lyh\u0171t\u0151<\/li>\r\n<li>Mikrohull\u00e1m\u00fa s\u00fct\u0151<\/li>\r\n<li>Elektromos f\u0151z\u0151lap<\/li>\r\n<li>L\u00e1basok<\/li>\r\n<li>Ter\u00edt\u00e9kek<\/li>\r\n<li>Kotyog\u00f3s k\u00e1v\u00e9f\u0151z\u0151<\/li>\r\n<li>Mobil kl\u00edma<\/li>\r\n<\/ul>\r\n<p><strong>&nbsp;&nbsp;&nbsp;<\/strong><\/p>\r\nngg_shortcode_4_placeholder\r\n<\/td>\r\n<\/tr>\r\n<tr style=\"height: 22px;\">\r\n<td style=\"height: 22px;\">&nbsp;<\/td>\r\n<\/tr>\r\n<\/tbody>\r\n<\/table>\r\n<\/figure>\r\n\r\n\r\n\r\n<div class=\"wp-block-buttons is-layout-flex wp-block-buttons-is-layout-flex\">&nbsp;<\/div>\r\n\r\n\r\n\r\n<div class=\"wp-block-group alignfull has-text-color has-background\" style=\"color: #000000; background-color: #ffffff; text-align: center;\">\r\n<h3 id=\"schedule-a-visit\" class=\"has-text-align-center\" style=\"font-size: 30px; line-height: 1.15;\"><span style=\"font-size: 14pt;\"><strong>N\u00e9zze meg \u00e1rainkat!<\/strong><\/span><\/h3>\r\n\r\n\r\n\r\n<div class=\"wp-block-buttons is-horizontal is-content-justification-center is-layout-flex wp-container-core-buttons-is-layout-03627597 wp-block-buttons-is-layout-flex\" style=\"justify-content: center;\">\r\n<div class=\"wp-block-button is-style-light-green-cyan-to-vivid-green-cyan-gradient wp-block-button__width-50\"><a class=\"wp-block-button__link has-light-green-cyan-to-vivid-green-cyan-gradient-background has-text-color has-background\" style=\"border-radius: 5px;\" href=\"https:\/\/gradonyaralas.hu\/foglalas-lignano\">\u00c1RAINK<\/a><\/div>\r\n<\/div>\r\n<\/div>\r\n<!-- \/wp:post-content -->\r\n<p>&nbsp;<\/p>","protected":false},"excerpt":{"rendered":"<p>Lignano Kemping Lak\u00f3kocsik: K\u00e9nyelem \u00e9s Felszerelts\u00e9g A Camping Lignano Beach Sabbiadoro lak\u00f3kocsijai t\u00f6k\u00e9letes v\u00e1laszt\u00e1st k\u00edn\u00e1lnak az idel\u00e1togat\u00f3knak. \u00d6sszesen 5 k\u00e9nyelmes lak\u00f3kocsi \u00e1ll rendelkez\u00e9sre, melyek teljes felszerelts\u00e9ggel rendelkeznek. A konyha \u00e9s az \u00e9tkez\u0151 egy k\u00f6rbez\u00e1rt el\u0151s\u00e1torban van. Ebben az el\u0151s\u00e1torban tal\u00e1lhat\u00f3 egy francia \u00e1gy is. A konyha minden ig\u00e9nyt kiel\u00e9g\u00edt\u0151en felszerelt, h\u0171t\u0151, a mikrohull\u00e1m\u00fa s\u00fct\u0151 kotyog\u00f3s &hellip; <\/p>\n<p class=\"link-more\"><a href=\"https:\/\/gradonyaralas.hu\/de\/lignano-lakokocsik-olaszorszag-tengerpart\/\" class=\"more-link\">Read more<span class=\"screen-reader-text\"> &#8220;Lignano Lak\u00f3kocsik&#8221;<\/span><\/a><\/p>\n","protected":false},"author":1,"featured_media":1206,"parent":0,"menu_order":0,"comment_status":"closed","ping_status":"closed","template":"","meta":{"ngg_post_thumbnail":0,"footnotes":""},"class_list":["post-211","page","type-page","status-publish","has-post-thumbnail","hentry"],"translation":{"provider":"WPGlobus","version":"3.0.2","language":"de","enabled_languages":["hu","de"],"languages":{"hu":{"title":true,"content":true,"excerpt":false},"de":{"title":false,"content":false,"excerpt":false}}},"yoast_head":"<!-- This site is optimized with the Yoast SEO plugin v27.3 - https:\/\/yoast.com\/product\/yoast-seo-wordpress\/ -->\n<title>Lignano Lak\u00f3kocsik - Grado nyaral\u00e1s<\/title>\n<meta name=\"robots\" content=\"index, follow, max-snippet:-1, max-image-preview:large, max-video-preview:-1\" \/>\n<link rel=\"canonical\" href=\"https:\/\/gradonyaralas.hu\/lignano-lakokocsik-olaszorszag-tengerpart\/\" \/>\n<meta property=\"og:locale\" content=\"de_DE\" \/>\n<meta property=\"og:type\" content=\"article\" \/>\n<meta property=\"og:title\" content=\"Lignano Lak\u00f3kocsik - Grado nyaral\u00e1s\" \/>\n<meta property=\"og:url\" content=\"https:\/\/gradonyaralas.hu\/lignano-lakokocsik-olaszorszag-tengerpart\/\" \/>\n<meta property=\"og:site_name\" content=\"Grado nyaral\u00e1s\" \/>\n<meta property=\"article:publisher\" content=\"https:\/\/www.facebook.com\/Gradonyaralas\" \/>\n<meta property=\"article:modified_time\" content=\"2025-08-28T16:14:04+00:00\" \/>\n<meta property=\"og:image\" content=\"https:\/\/gradonyaralas.hu\/wp-content\/uploads\/2023\/02\/003920984_lignano3.jpg.jpg_orig.jpg\" \/>\n\t<meta property=\"og:image:width\" content=\"800\" \/>\n\t<meta property=\"og:image:height\" content=\"384\" \/>\n\t<meta property=\"og:image:type\" content=\"image\/jpeg\" \/>\n<meta name=\"twitter:card\" content=\"summary_large_image\" \/>\n<meta name=\"twitter:label1\" content=\"Est. reading time\" \/>\n\t<meta name=\"twitter:data1\" content=\"4 minutes\" \/>\n<script type=\"application\/ld+json\" class=\"yoast-schema-graph\">{\"@context\":\"https:\\\/\\\/schema.org\",\"@graph\":[{\"@type\":\"WebPage\",\"@id\":\"https:\\\/\\\/gradonyaralas.hu\\\/lignano-lakokocsik-olaszorszag-tengerpart\\\/\",\"url\":\"https:\\\/\\\/gradonyaralas.hu\\\/lignano-lakokocsik-olaszorszag-tengerpart\\\/\",\"name\":\"Lignano Lak\u00f3kocsik - Grado nyaral\u00e1s\",\"isPartOf\":{\"@id\":\"https:\\\/\\\/gradonyaralas.hu\\\/#website\"},\"primaryImageOfPage\":{\"@id\":\"https:\\\/\\\/gradonyaralas.hu\\\/lignano-lakokocsik-olaszorszag-tengerpart\\\/#primaryimage\"},\"image\":{\"@id\":\"https:\\\/\\\/gradonyaralas.hu\\\/lignano-lakokocsik-olaszorszag-tengerpart\\\/#primaryimage\"},\"thumbnailUrl\":\"https:\\\/\\\/gradonyaralas.hu\\\/wp-content\\\/uploads\\\/2023\\\/02\\\/003920984_lignano3.jpg.jpg_orig.jpg\",\"datePublished\":\"2023-01-26T15:47:30+00:00\",\"dateModified\":\"2025-08-28T16:14:04+00:00\",\"description\":\"Megtal\u00e1lta Lignano kemping k\u00fcl\u00f6nleges lak\u00f3kocsi b\u00e9rl\u00e9si lehet\u0151s\u00e9geit! K\u00e9nyelmes j\u00f3l felszerelt sz\u00e1ll\u00e1shelyek v\u00e1rj\u00e1k olasz Adria gy\u00f6ngyszem\u00e9n.\",\"breadcrumb\":{\"@id\":\"https:\\\/\\\/gradonyaralas.hu\\\/lignano-lakokocsik-olaszorszag-tengerpart\\\/#breadcrumb\"},\"inLanguage\":\"de-DE\",\"potentialAction\":[{\"@type\":\"ReadAction\",\"target\":[\"https:\\\/\\\/gradonyaralas.hu\\\/lignano-lakokocsik-olaszorszag-tengerpart\\\/\"]}]},{\"@type\":\"ImageObject\",\"inLanguage\":\"de-DE\",\"@id\":\"https:\\\/\\\/gradonyaralas.hu\\\/lignano-lakokocsik-olaszorszag-tengerpart\\\/#primaryimage\",\"url\":\"https:\\\/\\\/gradonyaralas.hu\\\/wp-content\\\/uploads\\\/2023\\\/02\\\/003920984_lignano3.jpg.jpg_orig.jpg\",\"contentUrl\":\"https:\\\/\\\/gradonyaralas.hu\\\/wp-content\\\/uploads\\\/2023\\\/02\\\/003920984_lignano3.jpg.jpg_orig.jpg\",\"width\":800,\"height\":384},{\"@type\":\"BreadcrumbList\",\"@id\":\"https:\\\/\\\/gradonyaralas.hu\\\/lignano-lakokocsik-olaszorszag-tengerpart\\\/#breadcrumb\",\"itemListElement\":[{\"@type\":\"ListItem\",\"position\":1,\"name\":\"Kezd\u0151lap\",\"item\":\"https:\\\/\\\/gradonyaralas.hu\\\/\"},{\"@type\":\"ListItem\",\"position\":2,\"name\":\"Lignano Lak\u00f3kocsik\"}]},{\"@type\":\"WebSite\",\"@id\":\"https:\\\/\\\/gradonyaralas.hu\\\/#website\",\"url\":\"https:\\\/\\\/gradonyaralas.hu\\\/\",\"name\":\"Grado nyaral\u00e1s Olaszorsz\u00e1g Kemping\",\"description\":\"Nyaral\u00e1s, napf\u00e9ny, tenger\",\"publisher\":{\"@id\":\"https:\\\/\\\/gradonyaralas.hu\\\/#organization\"},\"potentialAction\":[{\"@type\":\"SearchAction\",\"target\":{\"@type\":\"EntryPoint\",\"urlTemplate\":\"https:\\\/\\\/gradonyaralas.hu\\\/?s={search_term_string}\"},\"query-input\":{\"@type\":\"PropertyValueSpecification\",\"valueRequired\":true,\"valueName\":\"search_term_string\"}}],\"inLanguage\":\"de-DE\"},{\"@type\":\"Organization\",\"@id\":\"https:\\\/\\\/gradonyaralas.hu\\\/#organization\",\"name\":\"Grado nyaral\u00e1s\",\"url\":\"https:\\\/\\\/gradonyaralas.hu\\\/\",\"logo\":{\"@type\":\"ImageObject\",\"inLanguage\":\"de-DE\",\"@id\":\"https:\\\/\\\/gradonyaralas.hu\\\/#\\\/schema\\\/logo\\\/image\\\/\",\"url\":\"https:\\\/\\\/i0.wp.com\\\/gradonyaralas.hu\\\/wp-content\\\/uploads\\\/2024\\\/03\\\/Grado_Lignano_nyaralas-1.jpg?fit=1024%2C1024&ssl=1\",\"contentUrl\":\"https:\\\/\\\/i0.wp.com\\\/gradonyaralas.hu\\\/wp-content\\\/uploads\\\/2024\\\/03\\\/Grado_Lignano_nyaralas-1.jpg?fit=1024%2C1024&ssl=1\",\"width\":1024,\"height\":1024,\"caption\":\"Grado nyaral\u00e1s\"},\"image\":{\"@id\":\"https:\\\/\\\/gradonyaralas.hu\\\/#\\\/schema\\\/logo\\\/image\\\/\"},\"sameAs\":[\"https:\\\/\\\/www.facebook.com\\\/Gradonyaralas\"]}]}<\/script>\n<!-- \/ Yoast SEO plugin. -->","yoast_head_json":{"title":"Lignano Lak\u00f3kocsik - Grado nyaral\u00e1s","robots":{"index":"index","follow":"follow","max-snippet":"max-snippet:-1","max-image-preview":"max-image-preview:large","max-video-preview":"max-video-preview:-1"},"canonical":"https:\/\/gradonyaralas.hu\/lignano-lakokocsik-olaszorszag-tengerpart\/","og_locale":"de_DE","og_type":"article","og_title":"Lignano Lak\u00f3kocsik - Grado nyaral\u00e1s","og_url":"https:\/\/gradonyaralas.hu\/lignano-lakokocsik-olaszorszag-tengerpart\/","og_site_name":"Grado nyaral\u00e1s","article_publisher":"https:\/\/www.facebook.com\/Gradonyaralas","article_modified_time":"2025-08-28T16:14:04+00:00","og_image":[{"width":800,"height":384,"url":"https:\/\/gradonyaralas.hu\/wp-content\/uploads\/2023\/02\/003920984_lignano3.jpg.jpg_orig.jpg","type":"image\/jpeg"}],"twitter_card":"summary_large_image","twitter_misc":{"Est. reading time":"4 minutes"},"schema":{"@context":"https:\/\/schema.org","@graph":[{"@type":"WebPage","@id":"https:\/\/gradonyaralas.hu\/lignano-lakokocsik-olaszorszag-tengerpart\/","url":"https:\/\/gradonyaralas.hu\/lignano-lakokocsik-olaszorszag-tengerpart\/","name":"Lignano Lak\u00f3kocsik - Grado nyaral\u00e1s","isPartOf":{"@id":"https:\/\/gradonyaralas.hu\/#website"},"primaryImageOfPage":{"@id":"https:\/\/gradonyaralas.hu\/lignano-lakokocsik-olaszorszag-tengerpart\/#primaryimage"},"image":{"@id":"https:\/\/gradonyaralas.hu\/lignano-lakokocsik-olaszorszag-tengerpart\/#primaryimage"},"thumbnailUrl":"https:\/\/gradonyaralas.hu\/wp-content\/uploads\/2023\/02\/003920984_lignano3.jpg.jpg_orig.jpg","datePublished":"2023-01-26T15:47:30+00:00","dateModified":"2025-08-28T16:14:04+00:00","description":"Megtal\u00e1lta Lignano kemping k\u00fcl\u00f6nleges lak\u00f3kocsi b\u00e9rl\u00e9si lehet\u0151s\u00e9geit! K\u00e9nyelmes j\u00f3l felszerelt sz\u00e1ll\u00e1shelyek v\u00e1rj\u00e1k olasz Adria gy\u00f6ngyszem\u00e9n.","breadcrumb":{"@id":"https:\/\/gradonyaralas.hu\/lignano-lakokocsik-olaszorszag-tengerpart\/#breadcrumb"},"inLanguage":"de-DE","potentialAction":[{"@type":"ReadAction","target":["https:\/\/gradonyaralas.hu\/lignano-lakokocsik-olaszorszag-tengerpart\/"]}]},{"@type":"ImageObject","inLanguage":"de-DE","@id":"https:\/\/gradonyaralas.hu\/lignano-lakokocsik-olaszorszag-tengerpart\/#primaryimage","url":"https:\/\/gradonyaralas.hu\/wp-content\/uploads\/2023\/02\/003920984_lignano3.jpg.jpg_orig.jpg","contentUrl":"https:\/\/gradonyaralas.hu\/wp-content\/uploads\/2023\/02\/003920984_lignano3.jpg.jpg_orig.jpg","width":800,"height":384},{"@type":"BreadcrumbList","@id":"https:\/\/gradonyaralas.hu\/lignano-lakokocsik-olaszorszag-tengerpart\/#breadcrumb","itemListElement":[{"@type":"ListItem","position":1,"name":"Kezd\u0151lap","item":"https:\/\/gradonyaralas.hu\/"},{"@type":"ListItem","position":2,"name":"Lignano Lak\u00f3kocsik"}]},{"@type":"WebSite","@id":"https:\/\/gradonyaralas.hu\/#website","url":"https:\/\/gradonyaralas.hu\/","name":"Grado nyaral\u00e1s Olaszorsz\u00e1g Kemping","description":"Nyaral\u00e1s, napf\u00e9ny, tenger","publisher":{"@id":"https:\/\/gradonyaralas.hu\/#organization"},"potentialAction":[{"@type":"SearchAction","target":{"@type":"EntryPoint","urlTemplate":"https:\/\/gradonyaralas.hu\/?s={search_term_string}"},"query-input":{"@type":"PropertyValueSpecification","valueRequired":true,"valueName":"search_term_string"}}],"inLanguage":"de-DE"},{"@type":"Organization","@id":"https:\/\/gradonyaralas.hu\/#organization","name":"Grado nyaral\u00e1s","url":"https:\/\/gradonyaralas.hu\/","logo":{"@type":"ImageObject","inLanguage":"de-DE","@id":"https:\/\/gradonyaralas.hu\/#\/schema\/logo\/image\/","url":"https:\/\/i0.wp.com\/gradonyaralas.hu\/wp-content\/uploads\/2024\/03\/Grado_Lignano_nyaralas-1.jpg?fit=1024%2C1024&ssl=1","contentUrl":"https:\/\/i0.wp.com\/gradonyaralas.hu\/wp-content\/uploads\/2024\/03\/Grado_Lignano_nyaralas-1.jpg?fit=1024%2C1024&ssl=1","width":1024,"height":1024,"caption":"Grado nyaral\u00e1s"},"image":{"@id":"https:\/\/gradonyaralas.hu\/#\/schema\/logo\/image\/"},"sameAs":["https:\/\/www.facebook.com\/Gradonyaralas"]}]}},"jetpack_sharing_enabled":true,"featured_media_urls":{"thumbnail":["https:\/\/gradonyaralas.hu\/wp-content\/uploads\/2023\/02\/003920984_lignano3.jpg.jpg_orig-150x150.jpg",150,150,true],"medium":["https:\/\/gradonyaralas.hu\/wp-content\/uploads\/2023\/02\/003920984_lignano3.jpg.jpg_orig-300x144.jpg",300,144,true],"medium_large":["https:\/\/gradonyaralas.hu\/wp-content\/uploads\/2023\/02\/003920984_lignano3.jpg.jpg_orig-768x369.jpg",768,369,true],"large":["https:\/\/gradonyaralas.hu\/wp-content\/uploads\/2023\/02\/003920984_lignano3.jpg.jpg_orig.jpg",800,384,false],"1536x1536":["https:\/\/gradonyaralas.hu\/wp-content\/uploads\/2023\/02\/003920984_lignano3.jpg.jpg_orig.jpg",800,384,false],"2048x2048":["https:\/\/gradonyaralas.hu\/wp-content\/uploads\/2023\/02\/003920984_lignano3.jpg.jpg_orig.jpg",800,384,false],"inspiro-featured-image":["https:\/\/gradonyaralas.hu\/wp-content\/uploads\/2023\/02\/003920984_lignano3.jpg.jpg_orig.jpg",800,384,false],"inspiro-loop":["https:\/\/gradonyaralas.hu\/wp-content\/uploads\/2023\/02\/003920984_lignano3.jpg.jpg_orig-800x320.jpg",800,320,true],"inspiro-loop@2x":["https:\/\/gradonyaralas.hu\/wp-content\/uploads\/2023\/02\/003920984_lignano3.jpg.jpg_orig.jpg",800,384,false],"portfolio_item-thumbnail":["https:\/\/gradonyaralas.hu\/wp-content\/uploads\/2023\/02\/003920984_lignano3.jpg.jpg_orig-600x384.jpg",600,384,true],"portfolio_item-thumbnail@2x":["https:\/\/gradonyaralas.hu\/wp-content\/uploads\/2023\/02\/003920984_lignano3.jpg.jpg_orig.jpg",800,384,false],"portfolio_item-masonry":["https:\/\/gradonyaralas.hu\/wp-content\/uploads\/2023\/02\/003920984_lignano3.jpg.jpg_orig-600x288.jpg",600,288,true],"portfolio_item-masonry@2x":["https:\/\/gradonyaralas.hu\/wp-content\/uploads\/2023\/02\/003920984_lignano3.jpg.jpg_orig.jpg",800,384,false],"portfolio_item-thumbnail_cinema":["https:\/\/gradonyaralas.hu\/wp-content\/uploads\/2023\/02\/003920984_lignano3.jpg.jpg_orig-800x335.jpg",800,335,true],"portfolio_item-thumbnail_portrait":["https:\/\/gradonyaralas.hu\/wp-content\/uploads\/2023\/02\/003920984_lignano3.jpg.jpg_orig-600x384.jpg",600,384,true],"portfolio_item-thumbnail_portrait@2x":["https:\/\/gradonyaralas.hu\/wp-content\/uploads\/2023\/02\/003920984_lignano3.jpg.jpg_orig.jpg",800,384,false],"portfolio_item-thumbnail_square":["https:\/\/gradonyaralas.hu\/wp-content\/uploads\/2023\/02\/003920984_lignano3.jpg.jpg_orig.jpg",800,384,false]},"_links":{"self":[{"href":"https:\/\/gradonyaralas.hu\/de\/wp-json\/wp\/v2\/pages\/211","targetHints":{"allow":["GET"]}}],"collection":[{"href":"https:\/\/gradonyaralas.hu\/de\/wp-json\/wp\/v2\/pages"}],"about":[{"href":"https:\/\/gradonyaralas.hu\/de\/wp-json\/wp\/v2\/types\/page"}],"author":[{"embeddable":true,"href":"https:\/\/gradonyaralas.hu\/de\/wp-json\/wp\/v2\/users\/1"}],"replies":[{"embeddable":true,"href":"https:\/\/gradonyaralas.hu\/de\/wp-json\/wp\/v2\/comments?post=211"}],"version-history":[{"count":18,"href":"https:\/\/gradonyaralas.hu\/de\/wp-json\/wp\/v2\/pages\/211\/revisions"}],"predecessor-version":[{"id":3104,"href":"https:\/\/gradonyaralas.hu\/de\/wp-json\/wp\/v2\/pages\/211\/revisions\/3104"}],"wp:featuredmedia":[{"embeddable":true,"href":"https:\/\/gradonyaralas.hu\/de\/wp-json\/wp\/v2\/media\/1206"}],"wp:attachment":[{"href":"https:\/\/gradonyaralas.hu\/de\/wp-json\/wp\/v2\/media?parent=211"}],"curies":[{"name":"wp","href":"https:\/\/api.w.org\/{rel}","templated":true}]}}