{"id":1913,"date":"2024-04-05T11:08:57","date_gmt":"2024-04-05T10:08:57","guid":{"rendered":"https:\/\/gradonyaralas.hu\/?page_id=1913"},"modified":"2024-04-05T11:08:57","modified_gmt":"2024-04-05T10:08:57","slug":"grado-lignano-nyaralas-blog","status":"publish","type":"page","link":"https:\/\/gradonyaralas.hu\/de\/grado-lignano-nyaralas-blog\/","title":{"rendered":"Grado &#038; Lignano nyaral\u00e1s Blog"},"content":{"rendered":"<h2 style=\"font-size: 18px; font-weight: bold;\">Grado &#038; Lignano nyaral\u00e1s Blog<\/h2>\n<p style=\"font-size: 16px; font-weight: bold;\">Ketog\u00e9n Kikapcsol\u00f3d\u00e1s Grado \u00e9s Lignano Var\u00e1zslatos Kempingjeiben<\/p>\n<p style=\"font-size: 16px;\">\nAmikor a ny\u00e1r szele meg\u00e9rinti b\u0151r\u00fcnket, \u00e9s a napsugarak j\u00e1t\u00e9ka a tenger hull\u00e1main t\u00fcnd\u00f6k\u00f6l, tudjuk, hogy el\u00e9rkezett a t\u00f6k\u00e9letes id\u0151 a kikapcsol\u00f3d\u00e1sra. Grado \u00e9s Lignano kempingjei, melyeket a <a href=\"https:\/\/gradonyaralas.hu\" target=\"_blank\" rel=\"noopener\">gradonyaralas.hu<\/a> oldalon tal\u00e1lhatunk meg, nemcsak a term\u00e9szet k\u00f6zels\u00e9g\u00e9t \u00e9s a tengerparti sz\u00f3rakoz\u00e1st k\u00edn\u00e1lj\u00e1k, hanem lehet\u0151s\u00e9get adnak arra is, hogy eg\u00e9szs\u00e9ges \u00e9letm\u00f3dot folytassunk a pihen\u00e9s\u00fcnk alatt.\n<\/p>\n<p style=\"font-size: 16px;\">\nA ketog\u00e9n di\u00e9ta k\u00f6vet\u0151i sz\u00e1m\u00e1ra k\u00fcl\u00f6n\u00f6sen fontos, hogy a nyaral\u00e1s sor\u00e1n is meg\u0151rizz\u00e9k az \u00e9trendj\u00fck egyens\u00faly\u00e1t. Az <a href=\"https:\/\/exoketon.com\/keto-d-bhb-termek-ketozis-etrend-kiegeszitok\" target=\"_blank\" rel=\"noopener\">Exoketon.com<\/a> \u00e1ltal k\u00edn\u00e1lt <a href=\"https:\/\/exoketon.com\/keto-basic-porok\" target=\"_blank\" rel=\"noopener\">Keto-Basic<\/a> \u00e9s <a href=\"https:\/\/exoketon.com\/keto-fortis-d-bhb-termek-porok\" target=\"_blank\" rel=\"noopener\">Keto-Fortis<\/a> \u00e9trendkieg\u00e9sz\u00edt\u0151kkel, valamint az <a href=\"https:\/\/exoketon.com\/keto-d-bhb-termek-ketozis-etrend-kiegeszitok\" target=\"_blank\" rel=\"noopener\">\u00e9trendkieg\u00e9sz\u00edt\u0151kkel<\/a> ez k\u00f6nnyed\u00e9n megval\u00f3s\u00edthat\u00f3. A Keto-Basic seg\u00edt fenntartani a ket\u00f3zis \u00e1llapot\u00e1t, m\u00edg a Keto-Fortis azoknak ny\u00fajt plusz energi\u00e1t, akik a nap folyam\u00e1n akt\u00edvak szeretn\u00e9nek maradni, legyen sz\u00f3 hossz\u00fa s\u00e9t\u00e1kr\u00f3l vagy v\u00e1rosn\u00e9z\u00e9sr\u0151l.\n<\/p>\n<p style=\"font-size: 16px;\">\nEzek a term\u00e9kek nemcsak hogy t\u00e1mogatj\u00e1k az eg\u00e9szs\u00e9ges \u00e9letm\u00f3dot, de hozz\u00e1j\u00e1rulnak ahhoz is, hogy a nyaral\u00e1s minden egyes pillanat\u00e1t maxim\u00e1lisan ki\u00e9lvezhess\u00fck. Fedezze fel a Grado \u00e9s Lignano kempingeket, \u00e9s \u00e9lje meg a ketog\u00e9n di\u00e9ta el\u0151nyeit m\u00e9g a pihen\u00e9s ideje alatt is!<\/p>\n","protected":false},"excerpt":{"rendered":"<p>Grado &#038; Lignano nyaral\u00e1s Blog Ketog\u00e9n Kikapcsol\u00f3d\u00e1s Grado \u00e9s Lignano Var\u00e1zslatos Kempingjeiben Amikor a ny\u00e1r szele meg\u00e9rinti b\u0151r\u00fcnket, \u00e9s a napsugarak j\u00e1t\u00e9ka a tenger hull\u00e1main t\u00fcnd\u00f6k\u00f6l, tudjuk, hogy el\u00e9rkezett a t\u00f6k\u00e9letes id\u0151 a kikapcsol\u00f3d\u00e1sra. Grado \u00e9s Lignano kempingjei, melyeket a gradonyaralas.hu oldalon tal\u00e1lhatunk meg, nemcsak a term\u00e9szet k\u00f6zels\u00e9g\u00e9t \u00e9s a tengerparti sz\u00f3rakoz\u00e1st k\u00edn\u00e1lj\u00e1k, hanem lehet\u0151s\u00e9get &hellip; <\/p>\n<p class=\"link-more\"><a href=\"https:\/\/gradonyaralas.hu\/de\/grado-lignano-nyaralas-blog\/\" class=\"more-link\">Read more<span class=\"screen-reader-text\"> &#8220;Grado &#038; Lignano nyaral\u00e1s Blog&#8221;<\/span><\/a><\/p>\n","protected":false},"author":2,"featured_media":0,"parent":0,"menu_order":0,"comment_status":"closed","ping_status":"closed","template":"","meta":{"ngg_post_thumbnail":0,"footnotes":""},"class_list":["post-1913","page","type-page","status-publish","hentry"],"translation":{"provider":"WPGlobus","version":"3.0.2","language":"de","enabled_languages":["hu","de"],"languages":{"hu":{"title":true,"content":true,"excerpt":false},"de":{"title":false,"content":false,"excerpt":false}}},"yoast_head":"<!-- This site is optimized with the Yoast SEO plugin v27.3 - https:\/\/yoast.com\/product\/yoast-seo-wordpress\/ -->\n<title>Grado &amp; Lignano nyaral\u00e1s Blog - Grado nyaral\u00e1s<\/title>\n<meta name=\"robots\" content=\"index, follow, max-snippet:-1, max-image-preview:large, max-video-preview:-1\" \/>\n<link rel=\"canonical\" href=\"https:\/\/gradonyaralas.hu\/grado-lignano-nyaralas-blog\/\" \/>\n<meta property=\"og:locale\" content=\"de_DE\" \/>\n<meta property=\"og:type\" content=\"article\" \/>\n<meta property=\"og:title\" content=\"Grado &amp; Lignano nyaral\u00e1s Blog - Grado nyaral\u00e1s\" \/>\n<meta property=\"og:url\" content=\"https:\/\/gradonyaralas.hu\/grado-lignano-nyaralas-blog\/\" \/>\n<meta property=\"og:site_name\" content=\"Grado nyaral\u00e1s\" \/>\n<meta property=\"article:publisher\" content=\"https:\/\/www.facebook.com\/Gradonyaralas\" \/>\n<meta name=\"twitter:card\" content=\"summary_large_image\" \/>\n<script type=\"application\/ld+json\" class=\"yoast-schema-graph\">{\"@context\":\"https:\\\/\\\/schema.org\",\"@graph\":[{\"@type\":\"WebPage\",\"@id\":\"https:\\\/\\\/gradonyaralas.hu\\\/grado-lignano-nyaralas-blog\\\/\",\"url\":\"https:\\\/\\\/gradonyaralas.hu\\\/grado-lignano-nyaralas-blog\\\/\",\"name\":\"Grado & Lignano nyaral\u00e1s Blog - Grado nyaral\u00e1s\",\"isPartOf\":{\"@id\":\"https:\\\/\\\/gradonyaralas.hu\\\/#website\"},\"datePublished\":\"2024-04-05T10:08:57+00:00\",\"description\":\"Grado - Lignano nyaral\u00e1s: Fedezze fel a ketog\u00e9n \u00e9letm\u00f3ddal \u00f6sszhangban \u00e1ll\u00f3 kempingeket. Keto-Basic \u00e9s Keto-Fortis exoketon \u00e9trend-kieg\u00e9sz\u00edt\u0151k\",\"breadcrumb\":{\"@id\":\"https:\\\/\\\/gradonyaralas.hu\\\/grado-lignano-nyaralas-blog\\\/#breadcrumb\"},\"inLanguage\":\"de-DE\",\"potentialAction\":[{\"@type\":\"ReadAction\",\"target\":[\"https:\\\/\\\/gradonyaralas.hu\\\/grado-lignano-nyaralas-blog\\\/\"]}]},{\"@type\":\"BreadcrumbList\",\"@id\":\"https:\\\/\\\/gradonyaralas.hu\\\/grado-lignano-nyaralas-blog\\\/#breadcrumb\",\"itemListElement\":[{\"@type\":\"ListItem\",\"position\":1,\"name\":\"Kezd\u0151lap\",\"item\":\"https:\\\/\\\/gradonyaralas.hu\\\/\"},{\"@type\":\"ListItem\",\"position\":2,\"name\":\"Grado &#038; Lignano nyaral\u00e1s Blog\"}]},{\"@type\":\"WebSite\",\"@id\":\"https:\\\/\\\/gradonyaralas.hu\\\/#website\",\"url\":\"https:\\\/\\\/gradonyaralas.hu\\\/\",\"name\":\"Grado nyaral\u00e1s Olaszorsz\u00e1g Kemping\",\"description\":\"Nyaral\u00e1s, napf\u00e9ny, tenger\",\"publisher\":{\"@id\":\"https:\\\/\\\/gradonyaralas.hu\\\/#organization\"},\"potentialAction\":[{\"@type\":\"SearchAction\",\"target\":{\"@type\":\"EntryPoint\",\"urlTemplate\":\"https:\\\/\\\/gradonyaralas.hu\\\/?s={search_term_string}\"},\"query-input\":{\"@type\":\"PropertyValueSpecification\",\"valueRequired\":true,\"valueName\":\"search_term_string\"}}],\"inLanguage\":\"de-DE\"},{\"@type\":\"Organization\",\"@id\":\"https:\\\/\\\/gradonyaralas.hu\\\/#organization\",\"name\":\"Grado nyaral\u00e1s\",\"url\":\"https:\\\/\\\/gradonyaralas.hu\\\/\",\"logo\":{\"@type\":\"ImageObject\",\"inLanguage\":\"de-DE\",\"@id\":\"https:\\\/\\\/gradonyaralas.hu\\\/#\\\/schema\\\/logo\\\/image\\\/\",\"url\":\"https:\\\/\\\/i0.wp.com\\\/gradonyaralas.hu\\\/wp-content\\\/uploads\\\/2024\\\/03\\\/Grado_Lignano_nyaralas-1.jpg?fit=1024%2C1024&ssl=1\",\"contentUrl\":\"https:\\\/\\\/i0.wp.com\\\/gradonyaralas.hu\\\/wp-content\\\/uploads\\\/2024\\\/03\\\/Grado_Lignano_nyaralas-1.jpg?fit=1024%2C1024&ssl=1\",\"width\":1024,\"height\":1024,\"caption\":\"Grado nyaral\u00e1s\"},\"image\":{\"@id\":\"https:\\\/\\\/gradonyaralas.hu\\\/#\\\/schema\\\/logo\\\/image\\\/\"},\"sameAs\":[\"https:\\\/\\\/www.facebook.com\\\/Gradonyaralas\"]}]}<\/script>\n<!-- \/ Yoast SEO plugin. -->","yoast_head_json":{"title":"Grado & Lignano nyaral\u00e1s Blog - Grado nyaral\u00e1s","robots":{"index":"index","follow":"follow","max-snippet":"max-snippet:-1","max-image-preview":"max-image-preview:large","max-video-preview":"max-video-preview:-1"},"canonical":"https:\/\/gradonyaralas.hu\/grado-lignano-nyaralas-blog\/","og_locale":"de_DE","og_type":"article","og_title":"Grado & Lignano nyaral\u00e1s Blog - Grado nyaral\u00e1s","og_url":"https:\/\/gradonyaralas.hu\/grado-lignano-nyaralas-blog\/","og_site_name":"Grado nyaral\u00e1s","article_publisher":"https:\/\/www.facebook.com\/Gradonyaralas","twitter_card":"summary_large_image","schema":{"@context":"https:\/\/schema.org","@graph":[{"@type":"WebPage","@id":"https:\/\/gradonyaralas.hu\/grado-lignano-nyaralas-blog\/","url":"https:\/\/gradonyaralas.hu\/grado-lignano-nyaralas-blog\/","name":"Grado & Lignano nyaral\u00e1s Blog - Grado nyaral\u00e1s","isPartOf":{"@id":"https:\/\/gradonyaralas.hu\/#website"},"datePublished":"2024-04-05T10:08:57+00:00","description":"Grado - Lignano nyaral\u00e1s: Fedezze fel a ketog\u00e9n \u00e9letm\u00f3ddal \u00f6sszhangban \u00e1ll\u00f3 kempingeket. Keto-Basic \u00e9s Keto-Fortis exoketon \u00e9trend-kieg\u00e9sz\u00edt\u0151k","breadcrumb":{"@id":"https:\/\/gradonyaralas.hu\/grado-lignano-nyaralas-blog\/#breadcrumb"},"inLanguage":"de-DE","potentialAction":[{"@type":"ReadAction","target":["https:\/\/gradonyaralas.hu\/grado-lignano-nyaralas-blog\/"]}]},{"@type":"BreadcrumbList","@id":"https:\/\/gradonyaralas.hu\/grado-lignano-nyaralas-blog\/#breadcrumb","itemListElement":[{"@type":"ListItem","position":1,"name":"Kezd\u0151lap","item":"https:\/\/gradonyaralas.hu\/"},{"@type":"ListItem","position":2,"name":"Grado &#038; Lignano nyaral\u00e1s Blog"}]},{"@type":"WebSite","@id":"https:\/\/gradonyaralas.hu\/#website","url":"https:\/\/gradonyaralas.hu\/","name":"Grado nyaral\u00e1s Olaszorsz\u00e1g Kemping","description":"Nyaral\u00e1s, napf\u00e9ny, tenger","publisher":{"@id":"https:\/\/gradonyaralas.hu\/#organization"},"potentialAction":[{"@type":"SearchAction","target":{"@type":"EntryPoint","urlTemplate":"https:\/\/gradonyaralas.hu\/?s={search_term_string}"},"query-input":{"@type":"PropertyValueSpecification","valueRequired":true,"valueName":"search_term_string"}}],"inLanguage":"de-DE"},{"@type":"Organization","@id":"https:\/\/gradonyaralas.hu\/#organization","name":"Grado nyaral\u00e1s","url":"https:\/\/gradonyaralas.hu\/","logo":{"@type":"ImageObject","inLanguage":"de-DE","@id":"https:\/\/gradonyaralas.hu\/#\/schema\/logo\/image\/","url":"https:\/\/i0.wp.com\/gradonyaralas.hu\/wp-content\/uploads\/2024\/03\/Grado_Lignano_nyaralas-1.jpg?fit=1024%2C1024&ssl=1","contentUrl":"https:\/\/i0.wp.com\/gradonyaralas.hu\/wp-content\/uploads\/2024\/03\/Grado_Lignano_nyaralas-1.jpg?fit=1024%2C1024&ssl=1","width":1024,"height":1024,"caption":"Grado nyaral\u00e1s"},"image":{"@id":"https:\/\/gradonyaralas.hu\/#\/schema\/logo\/image\/"},"sameAs":["https:\/\/www.facebook.com\/Gradonyaralas"]}]}},"jetpack_sharing_enabled":true,"featured_media_urls":[],"_links":{"self":[{"href":"https:\/\/gradonyaralas.hu\/de\/wp-json\/wp\/v2\/pages\/1913","targetHints":{"allow":["GET"]}}],"collection":[{"href":"https:\/\/gradonyaralas.hu\/de\/wp-json\/wp\/v2\/pages"}],"about":[{"href":"https:\/\/gradonyaralas.hu\/de\/wp-json\/wp\/v2\/types\/page"}],"author":[{"embeddable":true,"href":"https:\/\/gradonyaralas.hu\/de\/wp-json\/wp\/v2\/users\/2"}],"replies":[{"embeddable":true,"href":"https:\/\/gradonyaralas.hu\/de\/wp-json\/wp\/v2\/comments?post=1913"}],"version-history":[{"count":3,"href":"https:\/\/gradonyaralas.hu\/de\/wp-json\/wp\/v2\/pages\/1913\/revisions"}],"predecessor-version":[{"id":1916,"href":"https:\/\/gradonyaralas.hu\/de\/wp-json\/wp\/v2\/pages\/1913\/revisions\/1916"}],"wp:attachment":[{"href":"https:\/\/gradonyaralas.hu\/de\/wp-json\/wp\/v2\/media?parent=1913"}],"curies":[{"name":"wp","href":"https:\/\/api.w.org\/{rel}","templated":true}]}}