{"id":1848,"date":"2024-04-03T19:53:17","date_gmt":"2024-04-03T18:53:17","guid":{"rendered":"https:\/\/gradonyaralas.hu\/?page_id=1848"},"modified":"2024-04-03T20:01:10","modified_gmt":"2024-04-03T19:01:10","slug":"adatkezelesi-tajekoztato","status":"publish","type":"page","link":"https:\/\/gradonyaralas.hu\/de\/adatkezelesi-tajekoztato\/","title":{"rendered":"Adatkezel\u00e9si t\u00e1j\u00e9koztat\u00f3-szab\u00e1lyok"},"content":{"rendered":"\r\n<h2 class=\"wp-block-heading\">Kik vagyunk<\/h2>\r\n\r\n\r\n\r\n<p>A weboldalunk c\u00edme: https:\/\/gradonyaralas.hu.<\/p>\r\n\r\n\r\n\r\n<h2 class=\"wp-block-heading\">Hozz\u00e1sz\u00f3l\u00e1sok<\/h2>\r\n\r\n\r\n\r\n<p>Hozz\u00e1sz\u00f3l\u00e1s bek\u00fcld\u00e9sekor a hozz\u00e1sz\u00f3l\u00e1si \u0171rlapban megadottakon k\u00edv\u00fcl begy\u0171jt\u00e9sre ker\u00fcl a hozz\u00e1sz\u00f3l\u00f3 IP c\u00edme \u00e9s a b\u00f6ng\u00e9sz\u0151azonos\u00edt\u00f3 karakterl\u00e1nc a k\u00e9retlen tartalmak kisz\u0171r\u00e9se c\u00e9lj\u00e1b\u00f3l.<\/p>\r\n\r\n\r\n\r\n<p>Egy szem\u00e9lytelen\u00edtett, az e-mail c\u00edmb\u0151l el\u0151\u00e1ll\u00edtott karakterl\u00e1nc (hashnek szok\u00e1s nevezni) ker\u00fcl tov\u00e1bb\u00edt\u00e1sra a Gravatar szolg\u00e1ltat\u00e1s fel\u00e9, ha ez az oldalon haszn\u00e1latban van. A Gravatar szolg\u00e1ltat\u00e1s felt\u00e9telei az al\u00e1bbi c\u00edmen tekinthet\u0151ek meg: https:\/\/automattic.com\/privacy\/. A hozz\u00e1sz\u00f3l\u00e1s elfogad\u00e1sa ut\u00e1n, a hozz\u00e1sz\u00f3l\u00e1sunk tartalma \u00e9s a profil k\u00e9p\u00fcnk is megjelenik nyilv\u00e1nosan.<\/p>\r\n\r\n\r\n\r\n<h2 class=\"wp-block-heading\">M\u00e9dia<\/h2>\r\n\r\n\r\n\r\n<p>Amennyiben regisztr\u00e1lt felhaszn\u00e1l\u00f3 \u00e1ltal ker\u00fcl k\u00e9p felt\u00f6lt\u00e9sre a honlapra, ker\u00fclni kell az az olyan EXIF-eket, amelyekben GPS poz\u00edci\u00f3 adatok is szerepelnek. A honlap l\u00e1togat\u00f3i ezeket let\u00f6lthetik \u00e9s kinyerhetik a helyadatokat a honlapon tal\u00e1lhat\u00f3 k\u00e9pekb\u0151l.<\/p>\r\n\r\n\r\n\r\n<h2 class=\"wp-block-heading\">S\u00fctik<\/h2>\r\n\r\n\r\n\r\n<p>Ha hozz\u00e1sz\u00f3l\u00e1st \u00edrunk a honlapon, a megadott nevet, e-mail \u00e9s honlap c\u00edmet s\u00fctikben elt\u00e1roljuk. A t\u00e1rol\u00e1s a k\u00e9nyelmi c\u00e9lokat szolg\u00e1l az\u00e9rt, \u00edgy a k\u00f6vetkez\u0151 hozz\u00e1sz\u00f3l\u00e1skor ezeket a mez\u0151 adatokat nem kell kit\u00f6lteni. A s\u00fctik lej\u00e1rati ideje egy \u00e9v.<\/p>\r\n\r\n\r\n\r\n<p>Ha ell\u00e1togatunk a bejelentkez\u00e9si oldalra, akkor \u00e1tmeneti s\u00fctiket \u00e1ll\u00edtunk be annak \u00e9rdek\u00e9ben, hogy meg\u00e1llap\u00edtsuk, hogy a b\u00f6ng\u00e9sz\u0151 elfogadja-e a s\u00fctiket. Ezek a s\u00fctik nem tartalmaznak szem\u00e9lyes inform\u00e1ci\u00f3t, \u00e9s t\u00f6rl\u0151dnek, ahogy bez\u00e1rjuk a b\u00f6ng\u00e9sz\u0151t.<\/p>\r\n\r\n\r\n\r\n<p>A honlapra t\u00f6rt\u00e9n\u0151 bejelentkez\u00e9skor t\u00f6bb s\u00fctit hozunk l\u00e9tre, amely elmenti a bejelentkez\u00e9si inform\u00e1ci\u00f3t \u00e9s a szerkeszt\u0151fel\u00fclet megjelen\u00edt\u00e9si opci\u00f3it. A bejelentkez\u00e9si s\u00fctik k\u00e9t napig \u00e9rv\u00e9nyesek, a szerkeszt\u0151fel\u00fclet k\u00e9perny\u0151 opci\u00f3it t\u00e1rol\u00f3 s\u00fcti egy \u00e9vig. Amennyiben az &#8220;Eml\u00e9kezz r\u00e1m&#8221; opci\u00f3t bejel\u00f6lj\u00fck, a bejelentkez\u00e9s k\u00e9t h\u00e9tig folytat\u00f3dik. Kijelentkez\u00e9skor a bejelentkez\u00e9si s\u00fctik elt\u00e1vol\u00edt\u00e1sra ker\u00fclnek.<\/p>\r\n\r\n\r\n\r\n<p>Amennyiben bejegyz\u00e9st vagy oldalt szerkeszt\u00fcnk, egy \u00fajabb s\u00fctit t\u00e1rol el a b\u00f6ng\u00e9sz\u0151nk. Ez a s\u00fcti nem tartalmaz szem\u00e9lyes adatot, egyszer\u0171en csak a bejegyz\u00e9s azonos\u00edt\u00f3 sz\u00e1m\u00e1t t\u00e1rolja, amelyet szerkesztett\u00fcnk. Egy nap m\u00falva j\u00e1r le az \u00e9rv\u00e9nyess\u00e9ge.<\/p>\r\n\r\n\r\n\r\n<h2 class=\"wp-block-heading\">M\u00e1s honlapokr\u00f3l sz\u00e1rmaz\u00f3 be\u00e1gyazott tartalmak<\/h2>\r\n\r\n\r\n\r\n<p>A honlapon el\u00e9rhet\u0151 bejegyz\u00e9sek k\u00fcls\u0151 forr\u00e1sb\u00f3l sz\u00e1rmaz\u00f3 be\u00e1gyazott tartalmakat (pl. vide\u00f3k, k\u00e9pek, cikkek stb.) haszn\u00e1lhatnak. A k\u00fcls\u0151 forr\u00e1sb\u00f3l sz\u00e1rmaz\u00f3 be\u00e1gyazott tartalmak pontosan \u00fagy viselkednek, mintha megl\u00e1togattunk volna egy m\u00e1sik honlapot.<\/p>\r\n\r\n\r\n\r\n<p>Ezek a webhelyek lehets\u00e9ges, hogy adatot gy\u0171jtenek a l\u00e1togat\u00f3kr\u00f3l, s\u00fctiket vagy harmadik f\u00e9lt\u0151l sz\u00e1rmaz\u00f3 k\u00f6vet\u0151k\u00f3dot haszn\u00e1lnak, figyelik a be\u00e1gyazott tartalommal kapcsolatos felhaszn\u00e1l\u00f3i viselked\u00e9st, ha rendelkez\u00fcnk felhaszn\u00e1l\u00f3i fi\u00f3kkal \u00e9s be vagyunk jelentkezve az oldalra.<\/p>\r\n\r\n\r\n\r\n<h2 class=\"wp-block-heading\">Kivel osztjuk meg a felhaszn\u00e1l\u00f3i adatokat<\/h2>\r\n\r\n\r\n\r\n<p>Ha jelsz\u00f3 vissza\u00e1ll\u00edt\u00e1st k\u00e9r, akkor az IP-c\u00edmet a vissza\u00e1ll\u00edt\u00f3 e-mail tartalmazni fogja.<\/p>\r\n\r\n\r\n\r\n<h2 class=\"wp-block-heading\">Mennyi ideig \u0151rizz\u00fck a szem\u00e9lyes adatot<\/h2>\r\n\r\n\r\n\r\n<p>Ha hozz\u00e1sz\u00f3lunk, a hozz\u00e1sz\u00f3l\u00e1s \u00e9s annak metaadatai nem meghat\u00e1rozhat\u00f3 ideig a rendszerben maradnak. Ennek c\u00e9lja, hogy az \u00f6sszes ezt k\u00f6vet\u0151 b\u00e1rmely hozz\u00e1sz\u00f3l\u00e1s \u00e1ltalunk megismertt\u00e9 \u00e9s j\u00f3v\u00e1hagyott\u00e1 v\u00e1ljon, azaz ne ker\u00fclj\u00f6n fel a moder\u00e1land\u00f3 hozz\u00e1sz\u00f3l\u00e1sok list\u00e1j\u00e1ra.<\/p>\r\n\r\n\r\n\r\n<p>A honlapon regisztr\u00e1lt felhaszn\u00e1l\u00f3k (ha vannak ilyenek) szem\u00e9lyes adatai a saj\u00e1t felhaszn\u00e1l\u00f3i profiljukban is t\u00e1rol\u00e1sra ker\u00fclnek. Minden felhaszn\u00e1l\u00f3 megtekintheti, szerkesztheti vagy t\u00f6r\u00f6lheti a szem\u00e9lyes adatait b\u00e1rmikor (kiv\u00e9ve, hogy nem v\u00e1ltoztathatja meg a saj\u00e1t felhaszn\u00e1l\u00f3nev\u00e9t). A honlap rendszergazd\u00e1i ezen inform\u00e1ci\u00f3kat szint\u00e9n megtekinthetik \u00e9s szerkeszthetik.<\/p>\r\n\r\n\r\n\r\n<h2 class=\"wp-block-heading\">Milyen jogokkal rendelkezik a felhaszn\u00e1l\u00f3 a saj\u00e1t adatai kapcs\u00e1n<\/h2>\r\n\r\n\r\n\r\n<p>A weboldalon regisztr\u00e1lt fi\u00f3k vagy hozz\u00e1sz\u00f3l\u00e1s \u00edr\u00e1sa eset\u00e9n k\u00e9rhet\u0151 a szem\u00e9lyes adatok export f\u00e1jlban t\u00f6rt\u00e9n\u0151 megk\u00fcld\u00e9se, amely b\u00e1rmilyen adatot tartalmaz, amit kor\u00e1bban a felhaszn\u00e1l\u00f3 rendelkez\u00e9s\u00fcnkre bocs\u00e1tott. K\u00e9rhet\u0151 tov\u00e1bb\u00e1, hogy b\u00e1rmilyen kor\u00e1bban megadott szem\u00e9lyes adatot t\u00f6r\u00f6lj\u00fck. Ez nem vonatkozik azokra az adatokra, amelyeket adminisztr\u00e1ci\u00f3s, jogi vagy biztons\u00e1gi okokb\u00f3l k\u00f6telez\u0151 meg\u0151rizn\u00fcnk.<\/p>\r\n<h1 class=\"allineacentro\"><span>Szab\u00e1lyok<\/span><\/h1>\r\n<p>&nbsp;<\/p>\r\n<p><span>1. A kempingbe 7.30 \u00e9s 23.00 \u00f3ra k\u00f6z\u00f6tt lehet bel\u00e9pni szem\u00e9lyi igazolv\u00e1ny bemutat\u00e1s\u00e1val \u00e9s a recepci\u00f3 szem\u00e9lyzet\u00e9nek felhatalmaz\u00e1s\u00e1val.<\/span><\/p>\r\n<p><span>2. A vend\u00e9gek k\u00f6telesek saj\u00e1t lak\u00f3kocsijukat statikus kock\u00e1zat, t\u0171z \u00e9s lop\u00e1s ellen biztos\u00edtani. A Residence Punta Spin nem v\u00e1llal felel\u0151ss\u00e9get a kor\u00e1bban eml\u00edtett esem\u00e9nyek\u00e9rt, \u00e9s nem v\u00e1llalja a lak\u00f3kocsik \u00e9s egy\u00e9b olyan t\u00e1rgyak \u0151rz\u0151i szerep\u00e9t, amelyeket a vend\u00e9g szabadon hagyhat a kempingen bel\u00fcl eg\u00e9sz \u00e9vben, bele\u00e9rtve a szezon\u00e1lis z\u00e1rva tart\u00e1st is.&nbsp;<\/span><\/p>\r\n<p><span>3. A vend\u00e9gek k\u00f6telezetts\u00e9get v\u00e1llalnak arra, hogy tiszteletben tartj\u00e1k m\u00e1sok pihen\u00e9s\u00e9t nappali \u00e9s \u00e9jszakai \u00f3r\u00e1kban, a TV-k\u00e9sz\u00fcl\u00e9kek \u00e9s r\u00e1di\u00f3k m\u00e9rs\u00e9kelt hanger\u0151n tart\u00e1s\u00e1val, kuty\u00e1ik sz\u00e1jkos\u00e1rral \u00e9s gyermekeik feletti ir\u00e1ny\u00edt\u00e1suk mellett, megakad\u00e1lyozva, hogy er\u0151szakos j\u00e1t\u00e9kokat j\u00e1tsszanak \u00e9s rendbont\u00e1s. 13:30 \u00e9s 16:00 \u00f3ra k\u00f6z\u00f6tt, valamint 22:30 ut\u00e1n a r\u00e1di\u00f3kat, TV-k\u00e9sz\u00fcl\u00e9keket \u00e9s egy\u00e9b elektronikus eszk\u00f6z\u00f6ket a legalacsonyabb hanger\u0151n kell tartani, hogy a t\u00f6bbi vend\u00e9get ne zavarj\u00e1k.<\/span><\/p>\r\n<p><span>4. A vend\u00e9gek k\u00f6telezetts\u00e9get v\u00e1llalnak a k\u00f6rnyezet tisztas\u00e1g\u00e1nak meg\u0151rz\u00e9s\u00e9re a szelekt\u00edv hullad\u00e9kgy\u0171jt\u00e9sre biztos\u00edtott gy\u0171jt\u0151ed\u00e9nyek haszn\u00e1lat\u00e1val \u00e9s a Vezet\u0151s\u00e9g \u00e1ltal meghat\u00e1rozott felt\u00e9telek betart\u00e1s\u00e1val. Minden fert\u0151z\u0151 betegs\u00e9get halad\u00e9ktalanul jelenteni kell a vezet\u0151s\u00e9gnek, amely megteszi a sz\u00fcks\u00e9ges int\u00e9zked\u00e9seket a kemping vend\u00e9geinek v\u00e9delme \u00e9rdek\u00e9ben.<\/span><\/p>\r\n<p><span>5. Tilos a kemping elektromos rendszer\u00e9be elektromos f\u0171t\u0151testet, elektromos t\u0171zhelyet, vasal\u00f3t csatlakoztatni. Ezenk\u00edv\u00fcl a vend\u00e9gek nem haszn\u00e1lhatnak egyn\u00e9l t\u00f6bb aljzatot a vezet\u0151s\u00e9g enged\u00e9lye n\u00e9lk\u00fcl.<\/span><\/p>\r\n<p><span>6. A vend\u00e9gek csak a sz\u00e1mukra kijel\u00f6lt p\u00e1ly\u00e1n parkolhatj\u00e1k le aut\u00f3jukat, \u00e9s k\u00f6telezik magukat arra, hogy nem parkolnak le \u00fcres parkol\u00f3helyeken vagy a kemping sik\u00e1torai ment\u00e9n. Ugyanez vonatkozik a haj\u00f3\u00fatra \u00e9s a vend\u00e9g tulajdon\u00e1ban l\u00e9v\u0151 b\u00e1rmely m\u00e1s j\u00e1rm\u0171re is.<\/span><\/p>\r\n<p><span>7. Az aut\u00f3k a lak\u00f3ter\u00fcleten bel\u00fcl 7.30-t\u00f3l 23.00-ig k\u00f6zlekedhetnek 10 km\/h-t meg nem halad\u00f3 sebess\u00e9ggel \u00e9s csak be- \u00e9s kirakod\u00e1si m\u0171veletekre. Ezen m\u0171veletek elv\u00e9gz\u00e9se ut\u00e1n az aut\u00f3kat a kijel\u00f6lt parkol\u00f3helyeken kell leparkolni. A motorker\u00e9kp\u00e1rok \u00e9s motorker\u00e9kp\u00e1rok csak kikapcsolt motorral k\u00f6zlekedhetnek.<\/span><\/p>\r\n<p><span>8. Tilos b\u00e1rmilyen anyagb\u00f3l ker\u00edt\u00e9st \u00e9p\u00edteni, \u00e9s vezet\u00e9ket haszn\u00e1lni a p\u00e1lya hat\u00e1rol\u00e1s\u00e1ra. A Vezet\u0151s\u00e9g fenntartja mag\u00e1nak a jogot, hogy ezeket b\u00e1rmikor, ak\u00e1r \u00e9rtes\u00edt\u00e9s n\u00e9lk\u00fcl is elt\u00e1vol\u00edtsa, ami\u00e9rt a Vend\u00e9g d\u00edjat sz\u00e1m\u00edt fel.<\/span><\/p>\r\n<p><span>9. A kuty\u00e1kat p\u00f3r\u00e1zon kell tartani, \u00e9s nem mozoghatnak szabadon a kempingben. A strandra \u00e9s a medenc\u00e9kbe nem l\u00e9phetnek be. A gyermekeket mindig olyan feln\u0151tt k\u00eds\u00e9ret\u00e9ben kell tartani, aki a fel\u00fcgyeleti jogk\u00f6r\u00e9be tartozik.<\/span><\/p>\r\n<p><span>10. A vend\u00e9gek k\u00f6telesek tiszteletben tartani a kemping n\u00f6v\u00e9nyeit, kertjeit, vir\u00e1g\u00e1gy\u00e1sait \u00e9s l\u00e9tes\u00edtm\u00e9nyeit. A kemping ter\u00fclet\u00e9re t\u00fczet gy\u00fajtani \u00e9s illet\u00e9ktelen gy\u00fal\u00e9kony anyagokat bevinni szigor\u00faan tilos. T\u0171z eset\u00e9n h\u00edvja a +39 0431 80732 vagy a +39 0431 81780 telefonsz\u00e1mot.<\/span><\/p>\r\n<p><span>11. A vend\u00e9gek k\u00f6telezetts\u00e9get v\u00e1llalnak a kemping l\u00e9tes\u00edtm\u00e9nyeinek (\u00fasz\u00f3medenc\u00e9k, teniszp\u00e1ly\u00e1k, sportl\u00e9tes\u00edtm\u00e9nyek stb.) haszn\u00e1lati szab\u00e1lyzat\u00e1nak \u00e9s a szem\u00e9lyzet \u00e1ltal meghat\u00e1rozott szab\u00e1lyok betart\u00e1s\u00e1ra.<\/span><\/p>\r\n<p><span>12. A kemping ter\u00fclet\u00e9re csak arra jogosult szem\u00e9lyek l\u00e9phetnek be. A h\u00e1zi kedvenceket a vezet\u0151s\u00e9gnek be kell jelentenie \u00e9s enged\u00e9lyeznie kell. A napi l\u00e1togat\u00f3kra az aktu\u00e1lis \u00e1rlista szerinti napid\u00edj ker\u00fcl felsz\u00e1m\u00edt\u00e1sra. Kiskor\u00faak csak feln\u0151tt k\u00eds\u00e9ret\u00e9ben l\u00e9phetnek be a kempingbe. Ennek megs\u00e9rt\u00e9s\u00e9t a vezet\u0151s\u00e9g jelenti a rend\u0151rs\u00e9gen.&nbsp;<\/span><\/p>\r\n<p><span>13. A Vend\u00e9g k\u00f6teles megt\u00e9r\u00edteni a Residence Punta Spin l\u00e9tes\u00edtm\u00e9nyeiben \u00e9s felszerel\u00e9s\u00e9ben okozott k\u00e1rokat, valamint a jelen szab\u00e1lyzat megszeg\u00e9s\u00e9b\u0151l ered\u0151 k\u00e1rokat. A Vend\u00e9g k\u00f6telezi mag\u00e1t, hogy a jelen szab\u00e1lyzatr\u00f3l hozz\u00e1tartoz\u00f3it, vend\u00e9geit t\u00e1j\u00e9koztatja, az abban foglaltakat tiszteletben tartsa, \u00e9s a magatart\u00e1s\u00e1val okozott k\u00e1rok\u00e9rt megosztott \u00e9s korl\u00e1tlan felel\u0151ss\u00e9get v\u00e1llal.&nbsp;<\/span><\/p>\r\n<p><span>14. A Rezidencia magatart\u00e1si szab\u00e1lyainak s\u00falyos \u00e9s\/vagy ism\u00e9tl\u0151d\u0151 megs\u00e9rt\u00e9se eset\u00e9n a Vezet\u0151s\u00e9g fenntartja a jogot, hogy azonnal (a szezon sor\u00e1n b\u00e1rmikor) \u00e9s egyoldal\u00faan felmondja a szerz\u0151d\u00e9st a mulaszt\u00f3 Vend\u00e9ggel, abban az esetben is, ha a szerz\u0151d\u00e9s megszeg\u00e9se szab\u00e1lyokat valamelyik rokona vagy vend\u00e9ge okozta. Az addig kifizetett \u00f6sszeg k\u00f6tb\u00e9rk\u00e9nt visszatart\u00e1sra ker\u00fcl, a k\u00e1rt\u00e9r\u00edt\u00e9si k\u00f6telezetts\u00e9gen fel\u00fcl.<\/span><\/p>\r\n<p><span>15. A Vend\u00e9g tudom\u00e1sul veszi, hogy a jelen Szab\u00e1lyzatot elolvasta, \u00e9s k\u00f6telezetts\u00e9get v\u00e1llal annak minden pontj\u00e1nak betart\u00e1s\u00e1ra.&nbsp;<\/span><\/p>\r\n\r\n\r\n\r\n<h2 class=\"wp-block-heading\">Where your data is sent<\/h2>\r\n\r\n\r\n\r\n<p>A l\u00e1togat\u00f3k \u00e1ltal bek\u00fcld\u00f6tt hozz\u00e1sz\u00f3l\u00e1sokat automatikus spamsz\u0171r\u0151 szolg\u00e1ltat\u00e1s ellen\u0151rizheti.<\/p>\r\n\r\n<p>&nbsp;<\/p>","protected":false},"excerpt":{"rendered":"<p>Kik vagyunk A weboldalunk c\u00edme: https:\/\/gradonyaralas.hu. Hozz\u00e1sz\u00f3l\u00e1sok Hozz\u00e1sz\u00f3l\u00e1s bek\u00fcld\u00e9sekor a hozz\u00e1sz\u00f3l\u00e1si \u0171rlapban megadottakon k\u00edv\u00fcl begy\u0171jt\u00e9sre ker\u00fcl a hozz\u00e1sz\u00f3l\u00f3 IP c\u00edme \u00e9s a b\u00f6ng\u00e9sz\u0151azonos\u00edt\u00f3 karakterl\u00e1nc a k\u00e9retlen tartalmak kisz\u0171r\u00e9se c\u00e9lj\u00e1b\u00f3l. Egy szem\u00e9lytelen\u00edtett, az e-mail c\u00edmb\u0151l el\u0151\u00e1ll\u00edtott karakterl\u00e1nc (hashnek szok\u00e1s nevezni) ker\u00fcl tov\u00e1bb\u00edt\u00e1sra a Gravatar szolg\u00e1ltat\u00e1s fel\u00e9, ha ez az oldalon haszn\u00e1latban van. A Gravatar szolg\u00e1ltat\u00e1s felt\u00e9telei &hellip; <\/p>\n<p class=\"link-more\"><a href=\"https:\/\/gradonyaralas.hu\/de\/adatkezelesi-tajekoztato\/\" class=\"more-link\">Read more<span class=\"screen-reader-text\"> &#8220;Adatkezel\u00e9si t\u00e1j\u00e9koztat\u00f3-szab\u00e1lyok&#8221;<\/span><\/a><\/p>\n","protected":false},"author":2,"featured_media":0,"parent":0,"menu_order":0,"comment_status":"closed","ping_status":"closed","template":"","meta":{"ngg_post_thumbnail":0,"footnotes":""},"class_list":["post-1848","page","type-page","status-publish","hentry"],"translation":{"provider":"WPGlobus","version":"3.0.2","language":"de","enabled_languages":["hu","de"],"languages":{"hu":{"title":true,"content":true,"excerpt":false},"de":{"title":false,"content":false,"excerpt":false}}},"yoast_head":"<!-- This site is optimized with the Yoast SEO plugin v27.3 - https:\/\/yoast.com\/product\/yoast-seo-wordpress\/ -->\n<title>Adatkezel\u00e9si t\u00e1j\u00e9koztat\u00f3-szab\u00e1lyok - Grado nyaral\u00e1s<\/title>\n<meta name=\"robots\" content=\"index, follow, max-snippet:-1, max-image-preview:large, max-video-preview:-1\" \/>\n<link rel=\"canonical\" href=\"https:\/\/gradonyaralas.hu\/adatkezelesi-tajekoztato\/\" \/>\n<meta property=\"og:locale\" content=\"de_DE\" \/>\n<meta property=\"og:type\" content=\"article\" \/>\n<meta property=\"og:title\" content=\"Adatkezel\u00e9si t\u00e1j\u00e9koztat\u00f3-szab\u00e1lyok - Grado nyaral\u00e1s\" \/>\n<meta property=\"og:url\" content=\"https:\/\/gradonyaralas.hu\/adatkezelesi-tajekoztato\/\" \/>\n<meta property=\"og:site_name\" content=\"Grado nyaral\u00e1s\" \/>\n<meta property=\"article:publisher\" content=\"https:\/\/www.facebook.com\/Gradonyaralas\" \/>\n<meta property=\"article:modified_time\" content=\"2024-04-03T19:01:10+00:00\" \/>\n<meta name=\"twitter:card\" content=\"summary_large_image\" \/>\n<meta name=\"twitter:label1\" content=\"Est. reading time\" \/>\n\t<meta name=\"twitter:data1\" content=\"6 minutes\" \/>\n<script type=\"application\/ld+json\" class=\"yoast-schema-graph\">{\"@context\":\"https:\\\/\\\/schema.org\",\"@graph\":[{\"@type\":\"WebPage\",\"@id\":\"https:\\\/\\\/gradonyaralas.hu\\\/adatkezelesi-tajekoztato\\\/\",\"url\":\"https:\\\/\\\/gradonyaralas.hu\\\/adatkezelesi-tajekoztato\\\/\",\"name\":\"Adatkezel\u00e9si t\u00e1j\u00e9koztat\u00f3-szab\u00e1lyok - Grado nyaral\u00e1s\",\"isPartOf\":{\"@id\":\"https:\\\/\\\/gradonyaralas.hu\\\/#website\"},\"datePublished\":\"2024-04-03T18:53:17+00:00\",\"dateModified\":\"2024-04-03T19:01:10+00:00\",\"breadcrumb\":{\"@id\":\"https:\\\/\\\/gradonyaralas.hu\\\/adatkezelesi-tajekoztato\\\/#breadcrumb\"},\"inLanguage\":\"de-DE\",\"potentialAction\":[{\"@type\":\"ReadAction\",\"target\":[\"https:\\\/\\\/gradonyaralas.hu\\\/adatkezelesi-tajekoztato\\\/\"]}]},{\"@type\":\"BreadcrumbList\",\"@id\":\"https:\\\/\\\/gradonyaralas.hu\\\/adatkezelesi-tajekoztato\\\/#breadcrumb\",\"itemListElement\":[{\"@type\":\"ListItem\",\"position\":1,\"name\":\"Kezd\u0151lap\",\"item\":\"https:\\\/\\\/gradonyaralas.hu\\\/\"},{\"@type\":\"ListItem\",\"position\":2,\"name\":\"Adatkezel\u00e9si t\u00e1j\u00e9koztat\u00f3-szab\u00e1lyok\"}]},{\"@type\":\"WebSite\",\"@id\":\"https:\\\/\\\/gradonyaralas.hu\\\/#website\",\"url\":\"https:\\\/\\\/gradonyaralas.hu\\\/\",\"name\":\"Grado nyaral\u00e1s Olaszorsz\u00e1g Kemping\",\"description\":\"Nyaral\u00e1s, napf\u00e9ny, tenger\",\"publisher\":{\"@id\":\"https:\\\/\\\/gradonyaralas.hu\\\/#organization\"},\"potentialAction\":[{\"@type\":\"SearchAction\",\"target\":{\"@type\":\"EntryPoint\",\"urlTemplate\":\"https:\\\/\\\/gradonyaralas.hu\\\/?s={search_term_string}\"},\"query-input\":{\"@type\":\"PropertyValueSpecification\",\"valueRequired\":true,\"valueName\":\"search_term_string\"}}],\"inLanguage\":\"de-DE\"},{\"@type\":\"Organization\",\"@id\":\"https:\\\/\\\/gradonyaralas.hu\\\/#organization\",\"name\":\"Grado nyaral\u00e1s\",\"url\":\"https:\\\/\\\/gradonyaralas.hu\\\/\",\"logo\":{\"@type\":\"ImageObject\",\"inLanguage\":\"de-DE\",\"@id\":\"https:\\\/\\\/gradonyaralas.hu\\\/#\\\/schema\\\/logo\\\/image\\\/\",\"url\":\"https:\\\/\\\/i0.wp.com\\\/gradonyaralas.hu\\\/wp-content\\\/uploads\\\/2024\\\/03\\\/Grado_Lignano_nyaralas-1.jpg?fit=1024%2C1024&ssl=1\",\"contentUrl\":\"https:\\\/\\\/i0.wp.com\\\/gradonyaralas.hu\\\/wp-content\\\/uploads\\\/2024\\\/03\\\/Grado_Lignano_nyaralas-1.jpg?fit=1024%2C1024&ssl=1\",\"width\":1024,\"height\":1024,\"caption\":\"Grado nyaral\u00e1s\"},\"image\":{\"@id\":\"https:\\\/\\\/gradonyaralas.hu\\\/#\\\/schema\\\/logo\\\/image\\\/\"},\"sameAs\":[\"https:\\\/\\\/www.facebook.com\\\/Gradonyaralas\"]}]}<\/script>\n<!-- \/ Yoast SEO plugin. -->","yoast_head_json":{"title":"Adatkezel\u00e9si t\u00e1j\u00e9koztat\u00f3-szab\u00e1lyok - Grado nyaral\u00e1s","robots":{"index":"index","follow":"follow","max-snippet":"max-snippet:-1","max-image-preview":"max-image-preview:large","max-video-preview":"max-video-preview:-1"},"canonical":"https:\/\/gradonyaralas.hu\/adatkezelesi-tajekoztato\/","og_locale":"de_DE","og_type":"article","og_title":"Adatkezel\u00e9si t\u00e1j\u00e9koztat\u00f3-szab\u00e1lyok - Grado nyaral\u00e1s","og_url":"https:\/\/gradonyaralas.hu\/adatkezelesi-tajekoztato\/","og_site_name":"Grado nyaral\u00e1s","article_publisher":"https:\/\/www.facebook.com\/Gradonyaralas","article_modified_time":"2024-04-03T19:01:10+00:00","twitter_card":"summary_large_image","twitter_misc":{"Est. reading time":"6 minutes"},"schema":{"@context":"https:\/\/schema.org","@graph":[{"@type":"WebPage","@id":"https:\/\/gradonyaralas.hu\/adatkezelesi-tajekoztato\/","url":"https:\/\/gradonyaralas.hu\/adatkezelesi-tajekoztato\/","name":"Adatkezel\u00e9si t\u00e1j\u00e9koztat\u00f3-szab\u00e1lyok - Grado nyaral\u00e1s","isPartOf":{"@id":"https:\/\/gradonyaralas.hu\/#website"},"datePublished":"2024-04-03T18:53:17+00:00","dateModified":"2024-04-03T19:01:10+00:00","breadcrumb":{"@id":"https:\/\/gradonyaralas.hu\/adatkezelesi-tajekoztato\/#breadcrumb"},"inLanguage":"de-DE","potentialAction":[{"@type":"ReadAction","target":["https:\/\/gradonyaralas.hu\/adatkezelesi-tajekoztato\/"]}]},{"@type":"BreadcrumbList","@id":"https:\/\/gradonyaralas.hu\/adatkezelesi-tajekoztato\/#breadcrumb","itemListElement":[{"@type":"ListItem","position":1,"name":"Kezd\u0151lap","item":"https:\/\/gradonyaralas.hu\/"},{"@type":"ListItem","position":2,"name":"Adatkezel\u00e9si t\u00e1j\u00e9koztat\u00f3-szab\u00e1lyok"}]},{"@type":"WebSite","@id":"https:\/\/gradonyaralas.hu\/#website","url":"https:\/\/gradonyaralas.hu\/","name":"Grado nyaral\u00e1s Olaszorsz\u00e1g Kemping","description":"Nyaral\u00e1s, napf\u00e9ny, tenger","publisher":{"@id":"https:\/\/gradonyaralas.hu\/#organization"},"potentialAction":[{"@type":"SearchAction","target":{"@type":"EntryPoint","urlTemplate":"https:\/\/gradonyaralas.hu\/?s={search_term_string}"},"query-input":{"@type":"PropertyValueSpecification","valueRequired":true,"valueName":"search_term_string"}}],"inLanguage":"de-DE"},{"@type":"Organization","@id":"https:\/\/gradonyaralas.hu\/#organization","name":"Grado nyaral\u00e1s","url":"https:\/\/gradonyaralas.hu\/","logo":{"@type":"ImageObject","inLanguage":"de-DE","@id":"https:\/\/gradonyaralas.hu\/#\/schema\/logo\/image\/","url":"https:\/\/i0.wp.com\/gradonyaralas.hu\/wp-content\/uploads\/2024\/03\/Grado_Lignano_nyaralas-1.jpg?fit=1024%2C1024&ssl=1","contentUrl":"https:\/\/i0.wp.com\/gradonyaralas.hu\/wp-content\/uploads\/2024\/03\/Grado_Lignano_nyaralas-1.jpg?fit=1024%2C1024&ssl=1","width":1024,"height":1024,"caption":"Grado nyaral\u00e1s"},"image":{"@id":"https:\/\/gradonyaralas.hu\/#\/schema\/logo\/image\/"},"sameAs":["https:\/\/www.facebook.com\/Gradonyaralas"]}]}},"jetpack_sharing_enabled":true,"featured_media_urls":[],"_links":{"self":[{"href":"https:\/\/gradonyaralas.hu\/de\/wp-json\/wp\/v2\/pages\/1848","targetHints":{"allow":["GET"]}}],"collection":[{"href":"https:\/\/gradonyaralas.hu\/de\/wp-json\/wp\/v2\/pages"}],"about":[{"href":"https:\/\/gradonyaralas.hu\/de\/wp-json\/wp\/v2\/types\/page"}],"author":[{"embeddable":true,"href":"https:\/\/gradonyaralas.hu\/de\/wp-json\/wp\/v2\/users\/2"}],"replies":[{"embeddable":true,"href":"https:\/\/gradonyaralas.hu\/de\/wp-json\/wp\/v2\/comments?post=1848"}],"version-history":[{"count":3,"href":"https:\/\/gradonyaralas.hu\/de\/wp-json\/wp\/v2\/pages\/1848\/revisions"}],"predecessor-version":[{"id":1852,"href":"https:\/\/gradonyaralas.hu\/de\/wp-json\/wp\/v2\/pages\/1848\/revisions\/1852"}],"wp:attachment":[{"href":"https:\/\/gradonyaralas.hu\/de\/wp-json\/wp\/v2\/media?parent=1848"}],"curies":[{"name":"wp","href":"https:\/\/api.w.org\/{rel}","templated":true}]}}