{"id":1095,"date":"2023-02-18T20:16:35","date_gmt":"2023-02-18T19:16:35","guid":{"rendered":"https:\/\/wp.gradonyaralas.hu\/?page_id=1095"},"modified":"2023-02-18T20:20:41","modified_gmt":"2023-02-18T19:20:41","slug":"grado-es-kornyeke-kepgaleriaba","status":"publish","type":"page","link":"https:\/\/gradonyaralas.hu\/de\/grado-es-kornyeke-kepgaleriaba\/","title":{"rendered":"Grado \u00e9s k\u00f6rny\u00e9ke"},"content":{"rendered":"ngg_shortcode_0_placeholder\n","protected":false},"excerpt":{"rendered":"","protected":false},"author":2,"featured_media":0,"parent":0,"menu_order":0,"comment_status":"closed","ping_status":"closed","template":"","meta":{"ngg_post_thumbnail":0,"footnotes":""},"class_list":["post-1095","page","type-page","status-publish","hentry"],"translation":{"provider":"WPGlobus","version":"3.0.2","language":"de","enabled_languages":["hu","de"],"languages":{"hu":{"title":true,"content":true,"excerpt":false},"de":{"title":false,"content":false,"excerpt":false}}},"yoast_head":"<!-- This site is optimized with the Yoast SEO plugin v27.3 - https:\/\/yoast.com\/product\/yoast-seo-wordpress\/ -->\n<title>Grado \u00e9s k\u00f6rny\u00e9ke - Grado nyaral\u00e1s<\/title>\n<meta name=\"robots\" content=\"index, follow, max-snippet:-1, max-image-preview:large, max-video-preview:-1\" \/>\n<link rel=\"canonical\" href=\"https:\/\/gradonyaralas.hu\/grado-es-kornyeke-kepgaleriaba\/\" \/>\n<meta property=\"og:locale\" content=\"de_DE\" \/>\n<meta property=\"og:type\" content=\"article\" \/>\n<meta property=\"og:title\" content=\"Grado \u00e9s k\u00f6rny\u00e9ke - Grado nyaral\u00e1s\" \/>\n<meta property=\"og:url\" content=\"https:\/\/gradonyaralas.hu\/grado-es-kornyeke-kepgaleriaba\/\" \/>\n<meta property=\"og:site_name\" content=\"Grado nyaral\u00e1s\" \/>\n<meta property=\"article:publisher\" content=\"https:\/\/www.facebook.com\/Gradonyaralas\" \/>\n<meta property=\"article:modified_time\" content=\"2023-02-18T19:20:41+00:00\" \/>\n<meta name=\"twitter:card\" content=\"summary_large_image\" \/>\n<script type=\"application\/ld+json\" class=\"yoast-schema-graph\">{\"@context\":\"https:\\\/\\\/schema.org\",\"@graph\":[{\"@type\":\"WebPage\",\"@id\":\"https:\\\/\\\/gradonyaralas.hu\\\/grado-es-kornyeke-kepgaleriaba\\\/\",\"url\":\"https:\\\/\\\/gradonyaralas.hu\\\/grado-es-kornyeke-kepgaleriaba\\\/\",\"name\":\"Grado \u00e9s k\u00f6rny\u00e9ke - Grado nyaral\u00e1s\",\"isPartOf\":{\"@id\":\"https:\\\/\\\/gradonyaralas.hu\\\/#website\"},\"datePublished\":\"2023-02-18T19:16:35+00:00\",\"dateModified\":\"2023-02-18T19:20:41+00:00\",\"breadcrumb\":{\"@id\":\"https:\\\/\\\/gradonyaralas.hu\\\/grado-es-kornyeke-kepgaleriaba\\\/#breadcrumb\"},\"inLanguage\":\"de-DE\",\"potentialAction\":[{\"@type\":\"ReadAction\",\"target\":[\"https:\\\/\\\/gradonyaralas.hu\\\/grado-es-kornyeke-kepgaleriaba\\\/\"]}]},{\"@type\":\"BreadcrumbList\",\"@id\":\"https:\\\/\\\/gradonyaralas.hu\\\/grado-es-kornyeke-kepgaleriaba\\\/#breadcrumb\",\"itemListElement\":[{\"@type\":\"ListItem\",\"position\":1,\"name\":\"Kezd\u0151lap\",\"item\":\"https:\\\/\\\/gradonyaralas.hu\\\/\"},{\"@type\":\"ListItem\",\"position\":2,\"name\":\"Grado \u00e9s k\u00f6rny\u00e9ke\"}]},{\"@type\":\"WebSite\",\"@id\":\"https:\\\/\\\/gradonyaralas.hu\\\/#website\",\"url\":\"https:\\\/\\\/gradonyaralas.hu\\\/\",\"name\":\"Grado nyaral\u00e1s Olaszorsz\u00e1g Kemping\",\"description\":\"Nyaral\u00e1s, napf\u00e9ny, tenger\",\"publisher\":{\"@id\":\"https:\\\/\\\/gradonyaralas.hu\\\/#organization\"},\"potentialAction\":[{\"@type\":\"SearchAction\",\"target\":{\"@type\":\"EntryPoint\",\"urlTemplate\":\"https:\\\/\\\/gradonyaralas.hu\\\/?s={search_term_string}\"},\"query-input\":{\"@type\":\"PropertyValueSpecification\",\"valueRequired\":true,\"valueName\":\"search_term_string\"}}],\"inLanguage\":\"de-DE\"},{\"@type\":\"Organization\",\"@id\":\"https:\\\/\\\/gradonyaralas.hu\\\/#organization\",\"name\":\"Grado nyaral\u00e1s\",\"url\":\"https:\\\/\\\/gradonyaralas.hu\\\/\",\"logo\":{\"@type\":\"ImageObject\",\"inLanguage\":\"de-DE\",\"@id\":\"https:\\\/\\\/gradonyaralas.hu\\\/#\\\/schema\\\/logo\\\/image\\\/\",\"url\":\"https:\\\/\\\/i0.wp.com\\\/gradonyaralas.hu\\\/wp-content\\\/uploads\\\/2024\\\/03\\\/Grado_Lignano_nyaralas-1.jpg?fit=1024%2C1024&ssl=1\",\"contentUrl\":\"https:\\\/\\\/i0.wp.com\\\/gradonyaralas.hu\\\/wp-content\\\/uploads\\\/2024\\\/03\\\/Grado_Lignano_nyaralas-1.jpg?fit=1024%2C1024&ssl=1\",\"width\":1024,\"height\":1024,\"caption\":\"Grado nyaral\u00e1s\"},\"image\":{\"@id\":\"https:\\\/\\\/gradonyaralas.hu\\\/#\\\/schema\\\/logo\\\/image\\\/\"},\"sameAs\":[\"https:\\\/\\\/www.facebook.com\\\/Gradonyaralas\"]}]}<\/script>\n<!-- \/ Yoast SEO plugin. -->","yoast_head_json":{"title":"Grado \u00e9s k\u00f6rny\u00e9ke - Grado nyaral\u00e1s","robots":{"index":"index","follow":"follow","max-snippet":"max-snippet:-1","max-image-preview":"max-image-preview:large","max-video-preview":"max-video-preview:-1"},"canonical":"https:\/\/gradonyaralas.hu\/grado-es-kornyeke-kepgaleriaba\/","og_locale":"de_DE","og_type":"article","og_title":"Grado \u00e9s k\u00f6rny\u00e9ke - Grado nyaral\u00e1s","og_url":"https:\/\/gradonyaralas.hu\/grado-es-kornyeke-kepgaleriaba\/","og_site_name":"Grado nyaral\u00e1s","article_publisher":"https:\/\/www.facebook.com\/Gradonyaralas","article_modified_time":"2023-02-18T19:20:41+00:00","twitter_card":"summary_large_image","schema":{"@context":"https:\/\/schema.org","@graph":[{"@type":"WebPage","@id":"https:\/\/gradonyaralas.hu\/grado-es-kornyeke-kepgaleriaba\/","url":"https:\/\/gradonyaralas.hu\/grado-es-kornyeke-kepgaleriaba\/","name":"Grado \u00e9s k\u00f6rny\u00e9ke - Grado nyaral\u00e1s","isPartOf":{"@id":"https:\/\/gradonyaralas.hu\/#website"},"datePublished":"2023-02-18T19:16:35+00:00","dateModified":"2023-02-18T19:20:41+00:00","breadcrumb":{"@id":"https:\/\/gradonyaralas.hu\/grado-es-kornyeke-kepgaleriaba\/#breadcrumb"},"inLanguage":"de-DE","potentialAction":[{"@type":"ReadAction","target":["https:\/\/gradonyaralas.hu\/grado-es-kornyeke-kepgaleriaba\/"]}]},{"@type":"BreadcrumbList","@id":"https:\/\/gradonyaralas.hu\/grado-es-kornyeke-kepgaleriaba\/#breadcrumb","itemListElement":[{"@type":"ListItem","position":1,"name":"Kezd\u0151lap","item":"https:\/\/gradonyaralas.hu\/"},{"@type":"ListItem","position":2,"name":"Grado \u00e9s k\u00f6rny\u00e9ke"}]},{"@type":"WebSite","@id":"https:\/\/gradonyaralas.hu\/#website","url":"https:\/\/gradonyaralas.hu\/","name":"Grado nyaral\u00e1s Olaszorsz\u00e1g Kemping","description":"Nyaral\u00e1s, napf\u00e9ny, tenger","publisher":{"@id":"https:\/\/gradonyaralas.hu\/#organization"},"potentialAction":[{"@type":"SearchAction","target":{"@type":"EntryPoint","urlTemplate":"https:\/\/gradonyaralas.hu\/?s={search_term_string}"},"query-input":{"@type":"PropertyValueSpecification","valueRequired":true,"valueName":"search_term_string"}}],"inLanguage":"de-DE"},{"@type":"Organization","@id":"https:\/\/gradonyaralas.hu\/#organization","name":"Grado nyaral\u00e1s","url":"https:\/\/gradonyaralas.hu\/","logo":{"@type":"ImageObject","inLanguage":"de-DE","@id":"https:\/\/gradonyaralas.hu\/#\/schema\/logo\/image\/","url":"https:\/\/i0.wp.com\/gradonyaralas.hu\/wp-content\/uploads\/2024\/03\/Grado_Lignano_nyaralas-1.jpg?fit=1024%2C1024&ssl=1","contentUrl":"https:\/\/i0.wp.com\/gradonyaralas.hu\/wp-content\/uploads\/2024\/03\/Grado_Lignano_nyaralas-1.jpg?fit=1024%2C1024&ssl=1","width":1024,"height":1024,"caption":"Grado nyaral\u00e1s"},"image":{"@id":"https:\/\/gradonyaralas.hu\/#\/schema\/logo\/image\/"},"sameAs":["https:\/\/www.facebook.com\/Gradonyaralas"]}]}},"jetpack_sharing_enabled":true,"featured_media_urls":[],"_links":{"self":[{"href":"https:\/\/gradonyaralas.hu\/de\/wp-json\/wp\/v2\/pages\/1095","targetHints":{"allow":["GET"]}}],"collection":[{"href":"https:\/\/gradonyaralas.hu\/de\/wp-json\/wp\/v2\/pages"}],"about":[{"href":"https:\/\/gradonyaralas.hu\/de\/wp-json\/wp\/v2\/types\/page"}],"author":[{"embeddable":true,"href":"https:\/\/gradonyaralas.hu\/de\/wp-json\/wp\/v2\/users\/2"}],"replies":[{"embeddable":true,"href":"https:\/\/gradonyaralas.hu\/de\/wp-json\/wp\/v2\/comments?post=1095"}],"version-history":[{"count":3,"href":"https:\/\/gradonyaralas.hu\/de\/wp-json\/wp\/v2\/pages\/1095\/revisions"}],"predecessor-version":[{"id":1099,"href":"https:\/\/gradonyaralas.hu\/de\/wp-json\/wp\/v2\/pages\/1095\/revisions\/1099"}],"wp:attachment":[{"href":"https:\/\/gradonyaralas.hu\/de\/wp-json\/wp\/v2\/media?parent=1095"}],"curies":[{"name":"wp","href":"https:\/\/api.w.org\/{rel}","templated":true}]}}